{"id":14,"date":"2024-09-14T07:18:11","date_gmt":"2024-09-14T07:18:11","guid":{"rendered":"https:\/\/corporaciondanzarte.com\/?page_id=14"},"modified":"2026-01-31T19:36:26","modified_gmt":"2026-01-31T19:36:26","slug":"home","status":"publish","type":"page","link":"https:\/\/corporaciondanzarte.com\/","title":{"rendered":"Inicio"},"content":{"rendered":"\n<div class=\"wp-block-cover alignfull\" style=\"min-height:100vh;aspect-ratio:unset;\"><img loading=\"lazy\" decoding=\"async\" width=\"1113\" height=\"728\" class=\"wp-block-cover__image-background wp-image-242\" alt=\"\" src=\"https:\/\/corporaciondanzarte.com\/wp-content\/uploads\/2025\/01\/resena.jpeg\" data-object-fit=\"cover\" srcset=\"https:\/\/corporaciondanzarte.com\/wp-content\/uploads\/2025\/01\/resena.jpeg 1113w, https:\/\/corporaciondanzarte.com\/wp-content\/uploads\/2025\/01\/resena-300x196.jpeg 300w, https:\/\/corporaciondanzarte.com\/wp-content\/uploads\/2025\/01\/resena-1024x670.jpeg 1024w, https:\/\/corporaciondanzarte.com\/wp-content\/uploads\/2025\/01\/resena-768x502.jpeg 768w\" sizes=\"auto, (max-width: 1113px) 100vw, 1113px\" \/><span aria-hidden=\"true\" class=\"wp-block-cover__background has-background-dim\" style=\"background-color:#878572\"><\/span><div class=\"wp-block-cover__inner-container is-layout-constrained wp-block-cover-is-layout-constrained\">\n<p class=\"has-text-align-center has-large-font-size inscripcion-text\">\n<strong>Construimos<\/strong> desde lo corporal y lo sonoro para el futuro.\n<a class=\"inscripcion-btn\" href=\"https:\/\/api.whatsapp.com\/send?phone=573234307193&#038;text=Hola%20Danzarte%21%0AMe%20gustar%C3%ADa%20que%20me%20regalen%20un%20poco%20mas%20de%20informaci%C3%B3n%20sobre...%0A%0AMuchas%20gracias\">Inscribete ahora<\/a>\n<\/p>\n<\/div><\/div>\n\n\n\n<hr class=\"wp-block-separator has-alpha-channel-opacity\"\/>\n\n\n\n<figure\n  class=\"wp-block-pullquote alignfull has-text-align-center has-medium-font-size\"\n>\n  <blockquote>\n    <p>\u00a1Tambi\u00e9n puedes seguirnos en nuestras redes sociales!<\/p>\n    <cite class=\"social-networks\">\n      <a href=\"https:\/\/www.instagram.com\/danzartegirardota\" target=\"_blank\" rel=\"noopener\">\n        <img decoding=\"async\" src=\"https:\/\/corporaciondanzarte.com\/img\/ig.png\" alt=\"instagram\" \/>\n      <\/a>\n\n      <a href=\"https:\/\/www.facebook.com\/profile.php?id=61574819463507\" target=\"_blank\" rel=\"noopener\">\n        <img decoding=\"async\" src=\"https:\/\/corporaciondanzarte.com\/img\/fb.png\" alt=\"facebook\" \/>\n      <\/a>\n\n      <a href=\"https:\/\/api.whatsapp.com\/send?phone=573234307193\" target=\"_blank\" rel=\"noopener\">\n        <img decoding=\"async\" src=\"https:\/\/corporaciondanzarte.com\/img\/wp.png\" alt=\"instagram\" \/>\n      <\/a>\n\n      <a href=\"https:\/\/www.youtube.com\/@danzartegirardota6533\" target=\"_blank\" rel=\"noopener\">\n        <img decoding=\"async\" src=\"https:\/\/corporaciondanzarte.com\/img\/yt.png\" alt=\"youtube\" \/>\n      <\/a>\n    <\/cite>\n  <\/blockquote>\n<\/figure>\n\n\n\n<hr class=\"wp-block-separator has-alpha-channel-opacity\"\/>\n\n\n\n<div class=\"wp-block-columns is-layout-flex wp-container-core-columns-is-layout-28f84493 wp-block-columns-is-layout-flex\">\n<div class=\"wp-block-column is-layout-flow wp-block-column-is-layout-flow\">\n<h2 class=\"wp-block-heading\">Rese\u00f1a<\/h2>\n<\/div>\n<\/div>\n\n\n\n<p class=\"has-medium-font-size\" style=\"font-style:normal;font-weight:500\">La Corporaci\u00f3n Cultural Danzarte es una entidad que promueve la formaci\u00f3n y la proyecci\u00f3n art\u00edstica desde hace m\u00e1s de una d\u00e9cada; su escuela de formaci\u00f3n acoge ni\u00f1os y ni\u00f1as a partir de los 3 a\u00f1os, j\u00f3venes y adultos, brindando cursos de danza urbana, folcl\u00f3rica, ballet, tango, salsa, porro y danza contempor\u00e1nea; tambi\u00e9n con trabajos de formaci\u00f3n corporal en acrodance. Desde su esencia, la Corporaci\u00f3n busca formar seres humanos que desarrollen herramientas de expresi\u00f3n individual y colectiva por medio del movimiento y a trav\u00e9s de<br>diferentes estilos de danza.<\/p>\n\n\n\n<p class=\"has-medium-font-size\" style=\"font-style:normal;font-weight:500\">Adem\u00e1s, la Corporaci\u00f3n desarrolla un trabajo sociocultural en el territorio que abarca el municipio de Girardota (ubicado en el departamento de Antioquia, en Colombia -Centro Am\u00e9rica-), incluyendo gran parte de las 25 veredas que conforman este territorio. Es as\u00ed como se han desarrollado varios proyectos de<br>formaci\u00f3n en danza para poblaci\u00f3n escolar en asociaci\u00f3n con entidades como el Ministerio de las Culturas, las Artes y los Saberes de Colombia. Adem\u00e1s, durante los \u00faltimos a\u00f1os se viene desarrollando un trabajo investigativo que explora a fondo las expresiones culturales aut\u00f3ctonas, que incluyen reapropiaciones de<br>algunas pr\u00e1cticas de herencia europea &#8211; danzas como las polkas, el shiotis o la redova, tambi\u00e9n expresiones como el Sainete &#8211; pero reapropiadas por los afrodescendientes que, desde siglos atr\u00e1s, se asentaron, por diferentes motivos, en el territorio.<\/p>\n\n\n\n<p class=\"has-medium-font-size\" style=\"font-style:normal;font-weight:500\">Nuestro portafolio incluye oferta formativa, pero tambi\u00e9n presentaciones y espect\u00e1culos que abarcan m\u00fasicas<br>y danzas del Caribe, Centro y Suram\u00e9rica.<\/p>\n\n\n\n<p class=\"has-medium-font-size\" style=\"font-style:normal;font-weight:500\">Bienvenidos a DANZARTE!<\/p>\n\n\n\n<p><\/p>\n","protected":false},"excerpt":{"rendered":"<p>\u00a1Tambi\u00e9n puedes seguirnos en nuestras redes sociales! Rese\u00f1a La Corporaci\u00f3n Cultural Danzarte es una entidad que promueve la formaci\u00f3n y la proyecci\u00f3n art\u00edstica desde hace m\u00e1s de una d\u00e9cada; su escuela de formaci\u00f3n acoge ni\u00f1os y ni\u00f1as a partir de los 3 a\u00f1os, j\u00f3venes y adultos, brindando cursos de danza urbana, folcl\u00f3rica, ballet, tango, salsa, [&hellip;]<\/p>\n","protected":false},"author":1,"featured_media":0,"parent":0,"menu_order":0,"comment_status":"closed","ping_status":"closed","template":"","meta":{"ngg_post_thumbnail":0,"footnotes":""},"class_list":["post-14","page","type-page","status-publish","hentry"],"yoast_head":"<!-- This site is optimized with the Yoast SEO plugin v27.4 - https:\/\/yoast.com\/product\/yoast-seo-wordpress\/ -->\n<title>Inicio - Corporaci\u00f3n Cultural Danzarte %<\/title>\n<meta name=\"robots\" content=\"index, follow, max-snippet:-1, max-image-preview:large, max-video-preview:-1\" \/>\n<link rel=\"canonical\" href=\"https:\/\/corporaciondanzarte.com\/\" \/>\n<meta property=\"og:locale\" content=\"en_US\" \/>\n<meta property=\"og:type\" content=\"article\" \/>\n<meta property=\"og:title\" content=\"Inicio - Corporaci\u00f3n Cultural Danzarte %\" \/>\n<meta property=\"og:description\" content=\"\u00a1Tambi\u00e9n puedes seguirnos en nuestras redes sociales! Rese\u00f1a La Corporaci\u00f3n Cultural Danzarte es una entidad que promueve la formaci\u00f3n y la proyecci\u00f3n art\u00edstica desde hace m\u00e1s de una d\u00e9cada; su escuela de formaci\u00f3n acoge ni\u00f1os y ni\u00f1as a partir de los 3 a\u00f1os, j\u00f3venes y adultos, brindando cursos de danza urbana, folcl\u00f3rica, ballet, tango, salsa, [&hellip;]\" \/>\n<meta property=\"og:url\" content=\"https:\/\/corporaciondanzarte.com\/\" \/>\n<meta property=\"og:site_name\" content=\"Corporaci\u00f3n Cultural Danzarte\" \/>\n<meta property=\"article:modified_time\" content=\"2026-01-31T19:36:26+00:00\" \/>\n<meta property=\"og:image\" content=\"https:\/\/corporaciondanzarte.com\/wp-content\/uploads\/2025\/01\/resena.jpeg\" \/>\n\t<meta property=\"og:image:width\" content=\"1113\" \/>\n\t<meta property=\"og:image:height\" content=\"728\" \/>\n\t<meta property=\"og:image:type\" content=\"image\/jpeg\" \/>\n<meta name=\"twitter:card\" content=\"summary_large_image\" \/>\n<meta name=\"twitter:label1\" content=\"Est. reading time\" \/>\n\t<meta name=\"twitter:data1\" content=\"2 minutes\" \/>\n<script type=\"application\/ld+json\" class=\"yoast-schema-graph\">{\"@context\":\"https:\\\/\\\/schema.org\",\"@graph\":[{\"@type\":\"WebPage\",\"@id\":\"https:\\\/\\\/corporaciondanzarte.com\\\/\",\"url\":\"https:\\\/\\\/corporaciondanzarte.com\\\/\",\"name\":\"Inicio - Corporaci\u00f3n Cultural Danzarte %\",\"isPartOf\":{\"@id\":\"https:\\\/\\\/corporaciondanzarte.com\\\/#website\"},\"primaryImageOfPage\":{\"@id\":\"https:\\\/\\\/corporaciondanzarte.com\\\/#primaryimage\"},\"image\":{\"@id\":\"https:\\\/\\\/corporaciondanzarte.com\\\/#primaryimage\"},\"thumbnailUrl\":\"https:\\\/\\\/corporaciondanzarte.com\\\/wp-content\\\/uploads\\\/2025\\\/01\\\/resena.jpeg\",\"datePublished\":\"2024-09-14T07:18:11+00:00\",\"dateModified\":\"2026-01-31T19:36:26+00:00\",\"breadcrumb\":{\"@id\":\"https:\\\/\\\/corporaciondanzarte.com\\\/#breadcrumb\"},\"inLanguage\":\"en-US\",\"potentialAction\":[{\"@type\":\"ReadAction\",\"target\":[\"https:\\\/\\\/corporaciondanzarte.com\\\/\"]}]},{\"@type\":\"ImageObject\",\"inLanguage\":\"en-US\",\"@id\":\"https:\\\/\\\/corporaciondanzarte.com\\\/#primaryimage\",\"url\":\"https:\\\/\\\/corporaciondanzarte.com\\\/wp-content\\\/uploads\\\/2025\\\/01\\\/resena.jpeg\",\"contentUrl\":\"https:\\\/\\\/corporaciondanzarte.com\\\/wp-content\\\/uploads\\\/2025\\\/01\\\/resena.jpeg\",\"width\":1113,\"height\":728},{\"@type\":\"BreadcrumbList\",\"@id\":\"https:\\\/\\\/corporaciondanzarte.com\\\/#breadcrumb\",\"itemListElement\":[{\"@type\":\"ListItem\",\"position\":1,\"name\":\"Home\",\"item\":\"https:\\\/\\\/corporaciondanzarte.com\\\/\"},{\"@type\":\"ListItem\",\"position\":2,\"name\":\"Inicio\"}]},{\"@type\":\"WebSite\",\"@id\":\"https:\\\/\\\/corporaciondanzarte.com\\\/#website\",\"url\":\"https:\\\/\\\/corporaciondanzarte.com\\\/\",\"name\":\"Corporaci\u00f3n Cultural Danzarte\",\"description\":\"\",\"publisher\":{\"@id\":\"https:\\\/\\\/corporaciondanzarte.com\\\/#organization\"},\"potentialAction\":[{\"@type\":\"SearchAction\",\"target\":{\"@type\":\"EntryPoint\",\"urlTemplate\":\"https:\\\/\\\/corporaciondanzarte.com\\\/?s={search_term_string}\"},\"query-input\":{\"@type\":\"PropertyValueSpecification\",\"valueRequired\":true,\"valueName\":\"search_term_string\"}}],\"inLanguage\":\"en-US\"},{\"@type\":\"Organization\",\"@id\":\"https:\\\/\\\/corporaciondanzarte.com\\\/#organization\",\"name\":\"Corporaci\u00f3n Cultural Danzarte\",\"url\":\"https:\\\/\\\/corporaciondanzarte.com\\\/\",\"logo\":{\"@type\":\"ImageObject\",\"inLanguage\":\"en-US\",\"@id\":\"https:\\\/\\\/corporaciondanzarte.com\\\/#\\\/schema\\\/logo\\\/image\\\/\",\"url\":\"https:\\\/\\\/corporaciondanzarte.com\\\/wp-content\\\/uploads\\\/2025\\\/01\\\/cropped-LogoNuevo.jpeg\",\"contentUrl\":\"https:\\\/\\\/corporaciondanzarte.com\\\/wp-content\\\/uploads\\\/2025\\\/01\\\/cropped-LogoNuevo.jpeg\",\"width\":818,\"height\":517,\"caption\":\"Corporaci\u00f3n Cultural Danzarte\"},\"image\":{\"@id\":\"https:\\\/\\\/corporaciondanzarte.com\\\/#\\\/schema\\\/logo\\\/image\\\/\"}}]}<\/script>\n<!-- \/ Yoast SEO plugin. -->","yoast_head_json":{"title":"Inicio - Corporaci\u00f3n Cultural Danzarte %","robots":{"index":"index","follow":"follow","max-snippet":"max-snippet:-1","max-image-preview":"max-image-preview:large","max-video-preview":"max-video-preview:-1"},"canonical":"https:\/\/corporaciondanzarte.com\/","og_locale":"en_US","og_type":"article","og_title":"Inicio - Corporaci\u00f3n Cultural Danzarte %","og_description":"\u00a1Tambi\u00e9n puedes seguirnos en nuestras redes sociales! Rese\u00f1a La Corporaci\u00f3n Cultural Danzarte es una entidad que promueve la formaci\u00f3n y la proyecci\u00f3n art\u00edstica desde hace m\u00e1s de una d\u00e9cada; su escuela de formaci\u00f3n acoge ni\u00f1os y ni\u00f1as a partir de los 3 a\u00f1os, j\u00f3venes y adultos, brindando cursos de danza urbana, folcl\u00f3rica, ballet, tango, salsa, [&hellip;]","og_url":"https:\/\/corporaciondanzarte.com\/","og_site_name":"Corporaci\u00f3n Cultural Danzarte","article_modified_time":"2026-01-31T19:36:26+00:00","og_image":[{"width":1113,"height":728,"url":"https:\/\/corporaciondanzarte.com\/wp-content\/uploads\/2025\/01\/resena.jpeg","type":"image\/jpeg"}],"twitter_card":"summary_large_image","twitter_misc":{"Est. reading time":"2 minutes"},"schema":{"@context":"https:\/\/schema.org","@graph":[{"@type":"WebPage","@id":"https:\/\/corporaciondanzarte.com\/","url":"https:\/\/corporaciondanzarte.com\/","name":"Inicio - Corporaci\u00f3n Cultural Danzarte %","isPartOf":{"@id":"https:\/\/corporaciondanzarte.com\/#website"},"primaryImageOfPage":{"@id":"https:\/\/corporaciondanzarte.com\/#primaryimage"},"image":{"@id":"https:\/\/corporaciondanzarte.com\/#primaryimage"},"thumbnailUrl":"https:\/\/corporaciondanzarte.com\/wp-content\/uploads\/2025\/01\/resena.jpeg","datePublished":"2024-09-14T07:18:11+00:00","dateModified":"2026-01-31T19:36:26+00:00","breadcrumb":{"@id":"https:\/\/corporaciondanzarte.com\/#breadcrumb"},"inLanguage":"en-US","potentialAction":[{"@type":"ReadAction","target":["https:\/\/corporaciondanzarte.com\/"]}]},{"@type":"ImageObject","inLanguage":"en-US","@id":"https:\/\/corporaciondanzarte.com\/#primaryimage","url":"https:\/\/corporaciondanzarte.com\/wp-content\/uploads\/2025\/01\/resena.jpeg","contentUrl":"https:\/\/corporaciondanzarte.com\/wp-content\/uploads\/2025\/01\/resena.jpeg","width":1113,"height":728},{"@type":"BreadcrumbList","@id":"https:\/\/corporaciondanzarte.com\/#breadcrumb","itemListElement":[{"@type":"ListItem","position":1,"name":"Home","item":"https:\/\/corporaciondanzarte.com\/"},{"@type":"ListItem","position":2,"name":"Inicio"}]},{"@type":"WebSite","@id":"https:\/\/corporaciondanzarte.com\/#website","url":"https:\/\/corporaciondanzarte.com\/","name":"Corporaci\u00f3n Cultural Danzarte","description":"","publisher":{"@id":"https:\/\/corporaciondanzarte.com\/#organization"},"potentialAction":[{"@type":"SearchAction","target":{"@type":"EntryPoint","urlTemplate":"https:\/\/corporaciondanzarte.com\/?s={search_term_string}"},"query-input":{"@type":"PropertyValueSpecification","valueRequired":true,"valueName":"search_term_string"}}],"inLanguage":"en-US"},{"@type":"Organization","@id":"https:\/\/corporaciondanzarte.com\/#organization","name":"Corporaci\u00f3n Cultural Danzarte","url":"https:\/\/corporaciondanzarte.com\/","logo":{"@type":"ImageObject","inLanguage":"en-US","@id":"https:\/\/corporaciondanzarte.com\/#\/schema\/logo\/image\/","url":"https:\/\/corporaciondanzarte.com\/wp-content\/uploads\/2025\/01\/cropped-LogoNuevo.jpeg","contentUrl":"https:\/\/corporaciondanzarte.com\/wp-content\/uploads\/2025\/01\/cropped-LogoNuevo.jpeg","width":818,"height":517,"caption":"Corporaci\u00f3n Cultural Danzarte"},"image":{"@id":"https:\/\/corporaciondanzarte.com\/#\/schema\/logo\/image\/"}}]}},"brizy_media":[],"_links":{"self":[{"href":"https:\/\/corporaciondanzarte.com\/index.php?rest_route=\/wp\/v2\/pages\/14","targetHints":{"allow":["GET"]}}],"collection":[{"href":"https:\/\/corporaciondanzarte.com\/index.php?rest_route=\/wp\/v2\/pages"}],"about":[{"href":"https:\/\/corporaciondanzarte.com\/index.php?rest_route=\/wp\/v2\/types\/page"}],"author":[{"embeddable":true,"href":"https:\/\/corporaciondanzarte.com\/index.php?rest_route=\/wp\/v2\/users\/1"}],"replies":[{"embeddable":true,"href":"https:\/\/corporaciondanzarte.com\/index.php?rest_route=%2Fwp%2Fv2%2Fcomments&post=14"}],"version-history":[{"count":4,"href":"https:\/\/corporaciondanzarte.com\/index.php?rest_route=\/wp\/v2\/pages\/14\/revisions"}],"predecessor-version":[{"id":269,"href":"https:\/\/corporaciondanzarte.com\/index.php?rest_route=\/wp\/v2\/pages\/14\/revisions\/269"}],"wp:attachment":[{"href":"https:\/\/corporaciondanzarte.com\/index.php?rest_route=%2Fwp%2Fv2%2Fmedia&parent=14"}],"curies":[{"name":"wp","href":"https:\/\/api.w.org\/{rel}","templated":true}]}}