{"id":19,"date":"2024-09-15T01:40:30","date_gmt":"2024-09-15T01:40:30","guid":{"rendered":"https:\/\/corporaciondanzarte.com\/?page_id=19"},"modified":"2025-01-14T16:18:59","modified_gmt":"2025-01-14T16:18:59","slug":"historia","status":"publish","type":"page","link":"https:\/\/corporaciondanzarte.com\/?page_id=19","title":{"rendered":"Historia"},"content":{"rendered":"\n<h1 class=\"entry-title\">Nuestra Historia<\/h1>\n<section class=\"images-section\">\n    <div class=\"item animate__animated animate__fadeInUp\">\n      <img decoding=\"async\" src=\"https:\/\/corporaciondanzarte.com\/img\/historia1.jpg\" alt=\"Historia Danzarte 1\">\n      <div class=\"texto\">\n        <p>Danzarte nace del sue\u00f1o de dos hermanas de la vereda San Andr\u00e9s, municipio de Girardota en el departamento de Antioquia- Colombia. En el a\u00f1o 2013 &#8211; Mary y Erika Meneses Foronda fundaron la academia Danzarte incluyendo a ni\u00f1os, j\u00f3venes y adultos para que recibieran formaci\u00f3n en folclor, ballet, street dance, ritmos latinos, tango, danza contempor\u00e1nea y jazz. Posteriormente, junto a Manuela Escobar, este proyecto cultural se consolid\u00f3 hasta conformar la actual <strong>Corporaci\u00f3n Cultural DANZARTE<\/strong>.<\/p>\n      <\/div>\n    <\/div>\n\n<hr class=\"wp-block-separator has-alpha-channel-opacity\"\/>\n    <div class=\"item animate__animated animate__fadeInUp\">\n      <img decoding=\"async\" src=\"https:\/\/corporaciondanzarte.com\/img\/historia2.jpg\" alt=\"Historia Danzarte 2\">\n      <div class=\"texto\">\n        <p>Este sue\u00f1o cumple ya m\u00e1s de diez a\u00f1os de existencia como proyecto independiente, que permanece como un referente de formaci\u00f3n en danza para la poblaci\u00f3n Girardotana, a trav\u00e9s de la expresi\u00f3n art\u00edstica de las personas en busca de vincularlos con otras dimensiones de su ser, desde lo individual y lo colectivo.<\/p>\n      <\/div>\n    <\/div>\n\n<hr class=\"wp-block-separator has-alpha-channel-opacity\"\/>\n    <div class=\"item animate__animated animate__fadeInUp\">\n      <img decoding=\"async\" src=\"https:\/\/corporaciondanzarte.com\/img\/historia3.jpg\" alt=\"Historia Danzarte 3\">\n      <div class=\"texto\">\n        <p>As\u00ed, durante m\u00e1s de una d\u00e9cada hemos buscado darle continuidad a la creaci\u00f3n de procesos socioculturales con formaci\u00f3n en las pr\u00e1cticas patrimoniales del territorio afrogirardotano, con apoyos gubernamentales y empresas del sector privado, y que en \u00faltimas, ayudan a fortalecer no solo el legado ancestral, rural y local, sino tambi\u00e9n moderno, contempor\u00e1neo y urbano, que hace parte de las diferentes identidades culturales del municipio.<\/p>\n      <\/div>\n    <\/div>\n<hr class=\"wp-block-separator has-alpha-channel-opacity\"\/>\n  <\/section>\n\n\n\n<p><\/p>\n","protected":false},"excerpt":{"rendered":"<p>Nuestra Historia Danzarte nace del sue\u00f1o de dos hermanas de la vereda San Andr\u00e9s, municipio de Girardota en el departamento de Antioquia- Colombia. En el a\u00f1o 2013 &#8211; Mary y Erika Meneses Foronda fundaron la academia Danzarte incluyendo a ni\u00f1os, j\u00f3venes y adultos para que recibieran formaci\u00f3n en folclor, ballet, street dance, ritmos latinos, tango, [&hellip;]<\/p>\n","protected":false},"author":1,"featured_media":0,"parent":0,"menu_order":0,"comment_status":"closed","ping_status":"closed","template":"","meta":{"ngg_post_thumbnail":0,"footnotes":""},"class_list":["post-19","page","type-page","status-publish","hentry"],"yoast_head":"<!-- This site is optimized with the Yoast SEO plugin v27.4 - https:\/\/yoast.com\/product\/yoast-seo-wordpress\/ -->\n<title>Historia - Corporaci\u00f3n Cultural Danzarte<\/title>\n<meta name=\"robots\" content=\"index, follow, max-snippet:-1, max-image-preview:large, max-video-preview:-1\" \/>\n<link rel=\"canonical\" href=\"https:\/\/corporaciondanzarte.com\/?page_id=19\" \/>\n<meta property=\"og:locale\" content=\"en_US\" \/>\n<meta property=\"og:type\" content=\"article\" \/>\n<meta property=\"og:title\" content=\"Historia - Corporaci\u00f3n Cultural Danzarte\" \/>\n<meta property=\"og:description\" content=\"Nuestra Historia Danzarte nace del sue\u00f1o de dos hermanas de la vereda San Andr\u00e9s, municipio de Girardota en el departamento de Antioquia- Colombia. En el a\u00f1o 2013 &#8211; Mary y Erika Meneses Foronda fundaron la academia Danzarte incluyendo a ni\u00f1os, j\u00f3venes y adultos para que recibieran formaci\u00f3n en folclor, ballet, street dance, ritmos latinos, tango, [&hellip;]\" \/>\n<meta property=\"og:url\" content=\"https:\/\/corporaciondanzarte.com\/?page_id=19\" \/>\n<meta property=\"og:site_name\" content=\"Corporaci\u00f3n Cultural Danzarte\" \/>\n<meta property=\"article:modified_time\" content=\"2025-01-14T16:18:59+00:00\" \/>\n<meta property=\"og:image\" content=\"https:\/\/corporaciondanzarte.com\/img\/historia1.jpg\" \/>\n<meta name=\"twitter:card\" content=\"summary_large_image\" \/>\n<meta name=\"twitter:label1\" content=\"Est. reading time\" \/>\n\t<meta name=\"twitter:data1\" content=\"2 minutes\" \/>\n<script type=\"application\/ld+json\" class=\"yoast-schema-graph\">{\"@context\":\"https:\\\/\\\/schema.org\",\"@graph\":[{\"@type\":\"WebPage\",\"@id\":\"https:\\\/\\\/corporaciondanzarte.com\\\/?page_id=19\",\"url\":\"https:\\\/\\\/corporaciondanzarte.com\\\/?page_id=19\",\"name\":\"Historia - Corporaci\u00f3n Cultural Danzarte\",\"isPartOf\":{\"@id\":\"https:\\\/\\\/corporaciondanzarte.com\\\/#website\"},\"primaryImageOfPage\":{\"@id\":\"https:\\\/\\\/corporaciondanzarte.com\\\/?page_id=19#primaryimage\"},\"image\":{\"@id\":\"https:\\\/\\\/corporaciondanzarte.com\\\/?page_id=19#primaryimage\"},\"thumbnailUrl\":\"https:\\\/\\\/corporaciondanzarte.com\\\/img\\\/historia1.jpg\",\"datePublished\":\"2024-09-15T01:40:30+00:00\",\"dateModified\":\"2025-01-14T16:18:59+00:00\",\"breadcrumb\":{\"@id\":\"https:\\\/\\\/corporaciondanzarte.com\\\/?page_id=19#breadcrumb\"},\"inLanguage\":\"en-US\",\"potentialAction\":[{\"@type\":\"ReadAction\",\"target\":[\"https:\\\/\\\/corporaciondanzarte.com\\\/?page_id=19\"]}]},{\"@type\":\"ImageObject\",\"inLanguage\":\"en-US\",\"@id\":\"https:\\\/\\\/corporaciondanzarte.com\\\/?page_id=19#primaryimage\",\"url\":\"https:\\\/\\\/corporaciondanzarte.com\\\/img\\\/historia1.jpg\",\"contentUrl\":\"https:\\\/\\\/corporaciondanzarte.com\\\/img\\\/historia1.jpg\"},{\"@type\":\"BreadcrumbList\",\"@id\":\"https:\\\/\\\/corporaciondanzarte.com\\\/?page_id=19#breadcrumb\",\"itemListElement\":[{\"@type\":\"ListItem\",\"position\":1,\"name\":\"Home\",\"item\":\"https:\\\/\\\/corporaciondanzarte.com\\\/\"},{\"@type\":\"ListItem\",\"position\":2,\"name\":\"Historia\"}]},{\"@type\":\"WebSite\",\"@id\":\"https:\\\/\\\/corporaciondanzarte.com\\\/#website\",\"url\":\"https:\\\/\\\/corporaciondanzarte.com\\\/\",\"name\":\"Corporaci\u00f3n Cultural Danzarte\",\"description\":\"\",\"publisher\":{\"@id\":\"https:\\\/\\\/corporaciondanzarte.com\\\/#organization\"},\"potentialAction\":[{\"@type\":\"SearchAction\",\"target\":{\"@type\":\"EntryPoint\",\"urlTemplate\":\"https:\\\/\\\/corporaciondanzarte.com\\\/?s={search_term_string}\"},\"query-input\":{\"@type\":\"PropertyValueSpecification\",\"valueRequired\":true,\"valueName\":\"search_term_string\"}}],\"inLanguage\":\"en-US\"},{\"@type\":\"Organization\",\"@id\":\"https:\\\/\\\/corporaciondanzarte.com\\\/#organization\",\"name\":\"Corporaci\u00f3n Cultural Danzarte\",\"url\":\"https:\\\/\\\/corporaciondanzarte.com\\\/\",\"logo\":{\"@type\":\"ImageObject\",\"inLanguage\":\"en-US\",\"@id\":\"https:\\\/\\\/corporaciondanzarte.com\\\/#\\\/schema\\\/logo\\\/image\\\/\",\"url\":\"https:\\\/\\\/corporaciondanzarte.com\\\/wp-content\\\/uploads\\\/2025\\\/01\\\/cropped-LogoNuevo.jpeg\",\"contentUrl\":\"https:\\\/\\\/corporaciondanzarte.com\\\/wp-content\\\/uploads\\\/2025\\\/01\\\/cropped-LogoNuevo.jpeg\",\"width\":818,\"height\":517,\"caption\":\"Corporaci\u00f3n Cultural Danzarte\"},\"image\":{\"@id\":\"https:\\\/\\\/corporaciondanzarte.com\\\/#\\\/schema\\\/logo\\\/image\\\/\"}}]}<\/script>\n<!-- \/ Yoast SEO plugin. -->","yoast_head_json":{"title":"Historia - Corporaci\u00f3n Cultural Danzarte","robots":{"index":"index","follow":"follow","max-snippet":"max-snippet:-1","max-image-preview":"max-image-preview:large","max-video-preview":"max-video-preview:-1"},"canonical":"https:\/\/corporaciondanzarte.com\/?page_id=19","og_locale":"en_US","og_type":"article","og_title":"Historia - Corporaci\u00f3n Cultural Danzarte","og_description":"Nuestra Historia Danzarte nace del sue\u00f1o de dos hermanas de la vereda San Andr\u00e9s, municipio de Girardota en el departamento de Antioquia- Colombia. En el a\u00f1o 2013 &#8211; Mary y Erika Meneses Foronda fundaron la academia Danzarte incluyendo a ni\u00f1os, j\u00f3venes y adultos para que recibieran formaci\u00f3n en folclor, ballet, street dance, ritmos latinos, tango, [&hellip;]","og_url":"https:\/\/corporaciondanzarte.com\/?page_id=19","og_site_name":"Corporaci\u00f3n Cultural Danzarte","article_modified_time":"2025-01-14T16:18:59+00:00","og_image":[{"url":"https:\/\/corporaciondanzarte.com\/img\/historia1.jpg","type":"","width":"","height":""}],"twitter_card":"summary_large_image","twitter_misc":{"Est. reading time":"2 minutes"},"schema":{"@context":"https:\/\/schema.org","@graph":[{"@type":"WebPage","@id":"https:\/\/corporaciondanzarte.com\/?page_id=19","url":"https:\/\/corporaciondanzarte.com\/?page_id=19","name":"Historia - Corporaci\u00f3n Cultural Danzarte","isPartOf":{"@id":"https:\/\/corporaciondanzarte.com\/#website"},"primaryImageOfPage":{"@id":"https:\/\/corporaciondanzarte.com\/?page_id=19#primaryimage"},"image":{"@id":"https:\/\/corporaciondanzarte.com\/?page_id=19#primaryimage"},"thumbnailUrl":"https:\/\/corporaciondanzarte.com\/img\/historia1.jpg","datePublished":"2024-09-15T01:40:30+00:00","dateModified":"2025-01-14T16:18:59+00:00","breadcrumb":{"@id":"https:\/\/corporaciondanzarte.com\/?page_id=19#breadcrumb"},"inLanguage":"en-US","potentialAction":[{"@type":"ReadAction","target":["https:\/\/corporaciondanzarte.com\/?page_id=19"]}]},{"@type":"ImageObject","inLanguage":"en-US","@id":"https:\/\/corporaciondanzarte.com\/?page_id=19#primaryimage","url":"https:\/\/corporaciondanzarte.com\/img\/historia1.jpg","contentUrl":"https:\/\/corporaciondanzarte.com\/img\/historia1.jpg"},{"@type":"BreadcrumbList","@id":"https:\/\/corporaciondanzarte.com\/?page_id=19#breadcrumb","itemListElement":[{"@type":"ListItem","position":1,"name":"Home","item":"https:\/\/corporaciondanzarte.com\/"},{"@type":"ListItem","position":2,"name":"Historia"}]},{"@type":"WebSite","@id":"https:\/\/corporaciondanzarte.com\/#website","url":"https:\/\/corporaciondanzarte.com\/","name":"Corporaci\u00f3n Cultural Danzarte","description":"","publisher":{"@id":"https:\/\/corporaciondanzarte.com\/#organization"},"potentialAction":[{"@type":"SearchAction","target":{"@type":"EntryPoint","urlTemplate":"https:\/\/corporaciondanzarte.com\/?s={search_term_string}"},"query-input":{"@type":"PropertyValueSpecification","valueRequired":true,"valueName":"search_term_string"}}],"inLanguage":"en-US"},{"@type":"Organization","@id":"https:\/\/corporaciondanzarte.com\/#organization","name":"Corporaci\u00f3n Cultural Danzarte","url":"https:\/\/corporaciondanzarte.com\/","logo":{"@type":"ImageObject","inLanguage":"en-US","@id":"https:\/\/corporaciondanzarte.com\/#\/schema\/logo\/image\/","url":"https:\/\/corporaciondanzarte.com\/wp-content\/uploads\/2025\/01\/cropped-LogoNuevo.jpeg","contentUrl":"https:\/\/corporaciondanzarte.com\/wp-content\/uploads\/2025\/01\/cropped-LogoNuevo.jpeg","width":818,"height":517,"caption":"Corporaci\u00f3n Cultural Danzarte"},"image":{"@id":"https:\/\/corporaciondanzarte.com\/#\/schema\/logo\/image\/"}}]}},"brizy_media":[],"_links":{"self":[{"href":"https:\/\/corporaciondanzarte.com\/index.php?rest_route=\/wp\/v2\/pages\/19","targetHints":{"allow":["GET"]}}],"collection":[{"href":"https:\/\/corporaciondanzarte.com\/index.php?rest_route=\/wp\/v2\/pages"}],"about":[{"href":"https:\/\/corporaciondanzarte.com\/index.php?rest_route=\/wp\/v2\/types\/page"}],"author":[{"embeddable":true,"href":"https:\/\/corporaciondanzarte.com\/index.php?rest_route=\/wp\/v2\/users\/1"}],"replies":[{"embeddable":true,"href":"https:\/\/corporaciondanzarte.com\/index.php?rest_route=%2Fwp%2Fv2%2Fcomments&post=19"}],"version-history":[{"count":5,"href":"https:\/\/corporaciondanzarte.com\/index.php?rest_route=\/wp\/v2\/pages\/19\/revisions"}],"predecessor-version":[{"id":249,"href":"https:\/\/corporaciondanzarte.com\/index.php?rest_route=\/wp\/v2\/pages\/19\/revisions\/249"}],"wp:attachment":[{"href":"https:\/\/corporaciondanzarte.com\/index.php?rest_route=%2Fwp%2Fv2%2Fmedia&parent=19"}],"curies":[{"name":"wp","href":"https:\/\/api.w.org\/{rel}","templated":true}]}}