{"id":245,"date":"2025-01-14T16:17:49","date_gmt":"2025-01-14T16:17:49","guid":{"rendered":"https:\/\/corporaciondanzarte.com\/?page_id=245"},"modified":"2025-01-14T16:20:05","modified_gmt":"2025-01-14T16:20:05","slug":"investigacion","status":"publish","type":"page","link":"https:\/\/corporaciondanzarte.com\/?page_id=245","title":{"rendered":"Investigaci\u00f3n"},"content":{"rendered":"\n<h1 class=\"entry-title\">Investigaci\u00f3n<\/h1>\n<section class=\"images-section\">\n  <div class=\"item animate__animated animate__fadeInUp\">\n    <img decoding=\"async\"\n      src=\"https:\/\/corporaciondanzarte.com\/img\/udea.jpeg\"\n      alt=\"Historia Danzarte 1\"\n    \/>\n    <div class=\"texto\">\n      <p>\n        Desde el a\u00f1o 2017, y en el marco de un proyecto iniciado en el pregrado en danza de la Universidad de Antioquia (Medell\u00edn-Colombia), Erika Meneses Foronda inici\u00f3 una investigaci\u00f3n centrada en las danzas del territorio que incluye las veredas pertenecientes al Consejo Comunitario de la Vereda San Andr\u00e9s. Su trabajo obtuvo menci\u00f3n honor\u00edca y fue el punto de partida para que, a partir del a\u00f1o 2022, esta investigaci\u00f3n se siguiera desarrollando con una perspectiva m\u00e1s amplia, incluyendo aspectos sobre la m\u00fasica y el Sainete- con una perspectiva antropol\u00f3gica, etnomusicol\u00f3gica e hist\u00f3rica.\n      <\/p>\n    <\/div>\n  <\/div>\n\n  <hr class=\"wp-block-separator has-alpha-channel-opacity\" \/>\n  <div class=\"item animate__animated animate__fadeInUp\">\n    <img decoding=\"async\"\n      src=\"https:\/\/corporaciondanzarte.com\/img\/libros.jpg\"\n      alt=\"Historia Danzarte 2\"\n    \/>\n    <div class=\"texto\">\n      <p>\n        Este trabajo investigativo, que sigue desarroll\u00e1ndose, hace parte del aporte que DANZARTE desea seguir fortaleciendo y proyectando en el marco del planteamiento de una identidad afroandina y afrosanandresana, del cual hacen parte las expresiones culturales presentes en el territorio.\n      <\/p>\n    <\/div>\n  <\/div>\n\n  <hr class=\"wp-block-separator has-alpha-channel-opacity\" \/>\n  <div class=\"item animate__animated animate__fadeInUp\">\n    <img decoding=\"async\"\n      src=\"https:\/\/corporaciondanzarte.com\/img\/congreso.png\"\n      alt=\"Historia Danzarte 3\"\n    \/>\n    <div class=\"texto\">\n      <p>\n        Una comunicaci\u00f3n reciente de este trabajo y sus adelantos se comparti\u00f3 en el XVI Congreso de la Asociaci\u00f3n Internacional para el estudio de la M\u00fasica Popular de Am\u00e9rica Latina \u2013 IASPM-AL- 2024 en la ciudad de Recife, Pernambuco -Brasil.\n      <\/p>\n    <\/div>\n  <\/div>\n  <hr class=\"wp-block-separator has-alpha-channel-opacity\" \/>\n<\/section>\n\n\n\n\n<p><\/p>\n","protected":false},"excerpt":{"rendered":"<p>Investigaci\u00f3n Desde el a\u00f1o 2017, y en el marco de un proyecto iniciado en el pregrado en danza de la Universidad de Antioquia (Medell\u00edn-Colombia), Erika Meneses Foronda inici\u00f3 una investigaci\u00f3n centrada en las danzas del territorio que incluye las veredas pertenecientes al Consejo Comunitario de la Vereda San Andr\u00e9s. Su trabajo obtuvo menci\u00f3n honor\u00edca y [&hellip;]<\/p>\n","protected":false},"author":1,"featured_media":0,"parent":0,"menu_order":0,"comment_status":"closed","ping_status":"closed","template":"","meta":{"ngg_post_thumbnail":0,"footnotes":""},"class_list":["post-245","page","type-page","status-publish","hentry"],"yoast_head":"<!-- This site is optimized with the Yoast SEO plugin v27.4 - https:\/\/yoast.com\/product\/yoast-seo-wordpress\/ -->\n<title>Investigaci\u00f3n - Corporaci\u00f3n Cultural Danzarte<\/title>\n<meta name=\"robots\" content=\"index, follow, max-snippet:-1, max-image-preview:large, max-video-preview:-1\" \/>\n<link rel=\"canonical\" href=\"https:\/\/corporaciondanzarte.com\/?page_id=245\" \/>\n<meta property=\"og:locale\" content=\"en_US\" \/>\n<meta property=\"og:type\" content=\"article\" \/>\n<meta property=\"og:title\" content=\"Investigaci\u00f3n - Corporaci\u00f3n Cultural Danzarte\" \/>\n<meta property=\"og:description\" content=\"Investigaci\u00f3n Desde el a\u00f1o 2017, y en el marco de un proyecto iniciado en el pregrado en danza de la Universidad de Antioquia (Medell\u00edn-Colombia), Erika Meneses Foronda inici\u00f3 una investigaci\u00f3n centrada en las danzas del territorio que incluye las veredas pertenecientes al Consejo Comunitario de la Vereda San Andr\u00e9s. Su trabajo obtuvo menci\u00f3n honor\u00edca y [&hellip;]\" \/>\n<meta property=\"og:url\" content=\"https:\/\/corporaciondanzarte.com\/?page_id=245\" \/>\n<meta property=\"og:site_name\" content=\"Corporaci\u00f3n Cultural Danzarte\" \/>\n<meta property=\"article:modified_time\" content=\"2025-01-14T16:20:05+00:00\" \/>\n<meta name=\"twitter:card\" content=\"summary_large_image\" \/>\n<meta name=\"twitter:label1\" content=\"Est. reading time\" \/>\n\t<meta name=\"twitter:data1\" content=\"2 minutes\" \/>\n<script type=\"application\/ld+json\" class=\"yoast-schema-graph\">{\"@context\":\"https:\\\/\\\/schema.org\",\"@graph\":[{\"@type\":\"WebPage\",\"@id\":\"https:\\\/\\\/corporaciondanzarte.com\\\/?page_id=245\",\"url\":\"https:\\\/\\\/corporaciondanzarte.com\\\/?page_id=245\",\"name\":\"Investigaci\u00f3n - Corporaci\u00f3n Cultural Danzarte\",\"isPartOf\":{\"@id\":\"https:\\\/\\\/corporaciondanzarte.com\\\/#website\"},\"datePublished\":\"2025-01-14T16:17:49+00:00\",\"dateModified\":\"2025-01-14T16:20:05+00:00\",\"breadcrumb\":{\"@id\":\"https:\\\/\\\/corporaciondanzarte.com\\\/?page_id=245#breadcrumb\"},\"inLanguage\":\"en-US\",\"potentialAction\":[{\"@type\":\"ReadAction\",\"target\":[\"https:\\\/\\\/corporaciondanzarte.com\\\/?page_id=245\"]}]},{\"@type\":\"BreadcrumbList\",\"@id\":\"https:\\\/\\\/corporaciondanzarte.com\\\/?page_id=245#breadcrumb\",\"itemListElement\":[{\"@type\":\"ListItem\",\"position\":1,\"name\":\"Home\",\"item\":\"https:\\\/\\\/corporaciondanzarte.com\\\/\"},{\"@type\":\"ListItem\",\"position\":2,\"name\":\"Investigaci\u00f3n\"}]},{\"@type\":\"WebSite\",\"@id\":\"https:\\\/\\\/corporaciondanzarte.com\\\/#website\",\"url\":\"https:\\\/\\\/corporaciondanzarte.com\\\/\",\"name\":\"Corporaci\u00f3n Cultural Danzarte\",\"description\":\"\",\"publisher\":{\"@id\":\"https:\\\/\\\/corporaciondanzarte.com\\\/#organization\"},\"potentialAction\":[{\"@type\":\"SearchAction\",\"target\":{\"@type\":\"EntryPoint\",\"urlTemplate\":\"https:\\\/\\\/corporaciondanzarte.com\\\/?s={search_term_string}\"},\"query-input\":{\"@type\":\"PropertyValueSpecification\",\"valueRequired\":true,\"valueName\":\"search_term_string\"}}],\"inLanguage\":\"en-US\"},{\"@type\":\"Organization\",\"@id\":\"https:\\\/\\\/corporaciondanzarte.com\\\/#organization\",\"name\":\"Corporaci\u00f3n Cultural Danzarte\",\"url\":\"https:\\\/\\\/corporaciondanzarte.com\\\/\",\"logo\":{\"@type\":\"ImageObject\",\"inLanguage\":\"en-US\",\"@id\":\"https:\\\/\\\/corporaciondanzarte.com\\\/#\\\/schema\\\/logo\\\/image\\\/\",\"url\":\"https:\\\/\\\/corporaciondanzarte.com\\\/wp-content\\\/uploads\\\/2025\\\/01\\\/cropped-LogoNuevo.jpeg\",\"contentUrl\":\"https:\\\/\\\/corporaciondanzarte.com\\\/wp-content\\\/uploads\\\/2025\\\/01\\\/cropped-LogoNuevo.jpeg\",\"width\":818,\"height\":517,\"caption\":\"Corporaci\u00f3n Cultural Danzarte\"},\"image\":{\"@id\":\"https:\\\/\\\/corporaciondanzarte.com\\\/#\\\/schema\\\/logo\\\/image\\\/\"}}]}<\/script>\n<!-- \/ Yoast SEO plugin. -->","yoast_head_json":{"title":"Investigaci\u00f3n - Corporaci\u00f3n Cultural Danzarte","robots":{"index":"index","follow":"follow","max-snippet":"max-snippet:-1","max-image-preview":"max-image-preview:large","max-video-preview":"max-video-preview:-1"},"canonical":"https:\/\/corporaciondanzarte.com\/?page_id=245","og_locale":"en_US","og_type":"article","og_title":"Investigaci\u00f3n - Corporaci\u00f3n Cultural Danzarte","og_description":"Investigaci\u00f3n Desde el a\u00f1o 2017, y en el marco de un proyecto iniciado en el pregrado en danza de la Universidad de Antioquia (Medell\u00edn-Colombia), Erika Meneses Foronda inici\u00f3 una investigaci\u00f3n centrada en las danzas del territorio que incluye las veredas pertenecientes al Consejo Comunitario de la Vereda San Andr\u00e9s. Su trabajo obtuvo menci\u00f3n honor\u00edca y [&hellip;]","og_url":"https:\/\/corporaciondanzarte.com\/?page_id=245","og_site_name":"Corporaci\u00f3n Cultural Danzarte","article_modified_time":"2025-01-14T16:20:05+00:00","twitter_card":"summary_large_image","twitter_misc":{"Est. reading time":"2 minutes"},"schema":{"@context":"https:\/\/schema.org","@graph":[{"@type":"WebPage","@id":"https:\/\/corporaciondanzarte.com\/?page_id=245","url":"https:\/\/corporaciondanzarte.com\/?page_id=245","name":"Investigaci\u00f3n - Corporaci\u00f3n Cultural Danzarte","isPartOf":{"@id":"https:\/\/corporaciondanzarte.com\/#website"},"datePublished":"2025-01-14T16:17:49+00:00","dateModified":"2025-01-14T16:20:05+00:00","breadcrumb":{"@id":"https:\/\/corporaciondanzarte.com\/?page_id=245#breadcrumb"},"inLanguage":"en-US","potentialAction":[{"@type":"ReadAction","target":["https:\/\/corporaciondanzarte.com\/?page_id=245"]}]},{"@type":"BreadcrumbList","@id":"https:\/\/corporaciondanzarte.com\/?page_id=245#breadcrumb","itemListElement":[{"@type":"ListItem","position":1,"name":"Home","item":"https:\/\/corporaciondanzarte.com\/"},{"@type":"ListItem","position":2,"name":"Investigaci\u00f3n"}]},{"@type":"WebSite","@id":"https:\/\/corporaciondanzarte.com\/#website","url":"https:\/\/corporaciondanzarte.com\/","name":"Corporaci\u00f3n Cultural Danzarte","description":"","publisher":{"@id":"https:\/\/corporaciondanzarte.com\/#organization"},"potentialAction":[{"@type":"SearchAction","target":{"@type":"EntryPoint","urlTemplate":"https:\/\/corporaciondanzarte.com\/?s={search_term_string}"},"query-input":{"@type":"PropertyValueSpecification","valueRequired":true,"valueName":"search_term_string"}}],"inLanguage":"en-US"},{"@type":"Organization","@id":"https:\/\/corporaciondanzarte.com\/#organization","name":"Corporaci\u00f3n Cultural Danzarte","url":"https:\/\/corporaciondanzarte.com\/","logo":{"@type":"ImageObject","inLanguage":"en-US","@id":"https:\/\/corporaciondanzarte.com\/#\/schema\/logo\/image\/","url":"https:\/\/corporaciondanzarte.com\/wp-content\/uploads\/2025\/01\/cropped-LogoNuevo.jpeg","contentUrl":"https:\/\/corporaciondanzarte.com\/wp-content\/uploads\/2025\/01\/cropped-LogoNuevo.jpeg","width":818,"height":517,"caption":"Corporaci\u00f3n Cultural Danzarte"},"image":{"@id":"https:\/\/corporaciondanzarte.com\/#\/schema\/logo\/image\/"}}]}},"brizy_media":[],"_links":{"self":[{"href":"https:\/\/corporaciondanzarte.com\/index.php?rest_route=\/wp\/v2\/pages\/245","targetHints":{"allow":["GET"]}}],"collection":[{"href":"https:\/\/corporaciondanzarte.com\/index.php?rest_route=\/wp\/v2\/pages"}],"about":[{"href":"https:\/\/corporaciondanzarte.com\/index.php?rest_route=\/wp\/v2\/types\/page"}],"author":[{"embeddable":true,"href":"https:\/\/corporaciondanzarte.com\/index.php?rest_route=\/wp\/v2\/users\/1"}],"replies":[{"embeddable":true,"href":"https:\/\/corporaciondanzarte.com\/index.php?rest_route=%2Fwp%2Fv2%2Fcomments&post=245"}],"version-history":[{"count":2,"href":"https:\/\/corporaciondanzarte.com\/index.php?rest_route=\/wp\/v2\/pages\/245\/revisions"}],"predecessor-version":[{"id":250,"href":"https:\/\/corporaciondanzarte.com\/index.php?rest_route=\/wp\/v2\/pages\/245\/revisions\/250"}],"wp:attachment":[{"href":"https:\/\/corporaciondanzarte.com\/index.php?rest_route=%2Fwp%2Fv2%2Fmedia&parent=245"}],"curies":[{"name":"wp","href":"https:\/\/api.w.org\/{rel}","templated":true}]}}