{"id":251,"date":"2025-01-14T16:41:29","date_gmt":"2025-01-14T16:41:29","guid":{"rendered":"https:\/\/corporaciondanzarte.com\/?page_id=251"},"modified":"2026-02-07T01:01:11","modified_gmt":"2026-02-07T01:01:11","slug":"espectaculos","status":"publish","type":"page","link":"https:\/\/corporaciondanzarte.com\/?page_id=251","title":{"rendered":"Espect\u00e1culos"},"content":{"rendered":"\n<h1 class=\"entry-title\">Espect\u00e1culos<\/h1>\n<section class=\"images-section\">\n  <div class=\"item animate__animated animate__fadeInUp\">\n    <div class=\"texto auto\">\n      <h2>Los colores de mi tierra<\/h2>\n      <p>\n        Como celebraci\u00f3n a la primera d\u00e9cada de existencia, la Corporaci\u00f3n Cultural DANZARTE ha creado el espect\u00e1culo LOS COLORES DE MI TIERRA, una celebraci\u00f3n donde el cuerpo y el sonido buscan llevar al espectador por un viaje hacia diferentes geograf\u00edas de un pa\u00eds, donde la tradici\u00f3n, la modernidad, lo urbano y lo rural se entrelazan art\u00edsticamente como una expresi\u00f3n de la colombianidad y latinoamericanidad.\nColombia, pa\u00eds ubicado en una conjunci\u00f3n geogr\u00e1\ufb01ca que lo hace parte tanto del Caribe como del norte y\/o el sur global, presenta, m\u00e1s all\u00e1 de una herencia tri\u00e9tnica, una riqueza cultural exuberante; una expresi\u00f3n viva de la diversidad de sentires de sus gentes. \nEn este espect\u00e1culo, que pone en escena m\u00e1s de 40 artistas entre bailarines, m\u00fasicos y actores, DANZARTE busca proyectar algunos aspectos representativos de esta diversa cultura expresiva -corporal y sonora-, que tambi\u00e9n es nutrida por in\ufb02uencias de Latinoam\u00e9rica. Las danzas y las m\u00fasicas que en ella aparecen son variadas: m\u00fasicas tradicionales y populares colombianas y latinoamericanas; aqu\u00ed hacemos un recorrido por todas las regiones de Colombia.\n      <\/p>\n    <\/div>\n  <\/div>\n  <div class=\"image-galery\">\n    <img decoding=\"async\" tabindex=\"1\" src=\"https:\/\/corporaciondanzarte.com\/img\/coloresDeMiTierra.jpeg\" alt=\"colores 1\"\/>\n    <img decoding=\"async\" tabindex=\"1\" src=\"https:\/\/corporaciondanzarte.com\/img\/coloresDeMiTierra2.jpeg\" alt=\"colores 2\"\/>\n  <\/div>\n\n  <hr class=\"wp-block-separator has-alpha-channel-opacity\" \/>\n\n  <div class=\"item animate__animated animate__fadeInUp\">\n    <div class=\"texto auto\">\n      <h2>Espect\u00e1culo danza urbana<\/h2>\n      <p>\n        Al ser un arte esc\u00e9nico que surge de una variada y extensa combinaci\u00f3n cultural y social, la danza urbana es una muestra potente del cotidiano expresado en el movimiento corporal. La coordinaci\u00f3n, disociaci\u00f3n y control del cuerpo, son los principales elementos que otorga este g\u00e9nero que incluye hip-hop, breakdance y dancehall.\n      <\/p>\n    <\/div>\n  <\/div>\n\n  <div class=\"image-galery\">\n    <img decoding=\"async\" tabindex=\"1\" src=\"https:\/\/corporaciondanzarte.com\/img\/urbano1.jpeg\" alt=\"danza urbana 1\"\/>\n    <img decoding=\"async\" tabindex=\"1\" src=\"https:\/\/corporaciondanzarte.com\/img\/urbano2.jpeg\" alt=\"danza urbana 2\"\/>\n  <\/div>\n  <div class=\"item animate__animated animate__fadeInUp\">\n    <div class=\"texto auto\">\n      <h2>Sue\u00f1o de navidad<\/h2>\n      <p>\n        Creaci\u00f3n original de la Corporaci\u00f3n Cultural Danzarte, donde presentamos, en clave de espect\u00e1culo, algunos aspectos de los sentires humanos como la bondad, la resiliencia, la uni\u00f3n, el trabajo en equipo, el amor y el respeto. \nEn esta historia se encuentran personajes fant\u00e1sticos que habitan en la imaginaci\u00f3n de una peque\u00f1a ni\u00f1a que busca embellecer la navidad de su pueblo a trav\u00e9s de ensue\u00f1os y regalos a los habitantes de La Perla Dorada.\n      <\/p>\n    <\/div>\n  <\/div>\n\n  <div class=\"image-galery\">\n    <img decoding=\"async\" tabindex=\"1\" src=\"https:\/\/corporaciondanzarte.com\/img\/navidad1.jpeg\" alt=\"danza urbana 1\"\/>\n    <img decoding=\"async\" tabindex=\"1\" src=\"https:\/\/corporaciondanzarte.com\/img\/navidad2.jpeg\" alt=\"danza urbana 2\"\/>\n  <\/div>\n  <hr class=\"wp-block-separator has-alpha-channel-opacity\" \/>\n<\/section>\n\n\n\n<div class=\"danzarte-gallery-container\">\n        <div class=\"danzarte-grid\">\n            \n            <!-- Video 1 -->\n            <div class=\"video-item\" onclick=\"openVideo('https:\/\/corporaciondanzarte.com\/wp-content\/uploads\/2025\/01\/navidad2.mp4')\">\n                <div class=\"play-bubble\">\n                    <div class=\"play-icon\"><\/div>\n                <\/div>\n                <div class=\"video-title\">Video: Un sue\u00f1o en navidad<\/div>\n            <\/div>\n        <\/div>\n    <\/div>\n\n    <!-- El Modal -->\n    <div id=\"videoModal\" class=\"video-modal\" onclick=\"closeVideo(event)\">\n        <button class=\"close-btn\" onclick=\"closeVideo(event, true)\">\u2715<\/button>\n        <div class=\"modal-content\">\n            <video id=\"mainPlayer\" controls controlsList=\"nodownload\">\n                Tu navegador no soporta videos HTML5.\n            <\/video>\n        <\/div>\n    <\/div>\n\n    <script>\n        const modal = document.getElementById('videoModal');\n        const player = document.getElementById('mainPlayer');\n\n        \/\/ Funci\u00f3n para abrir el modal\n        function openVideo(videoSrc) {\n            player.src = videoSrc; \/\/ Asignar la URL\n            modal.classList.add('active'); \/\/ Mostrar modal\n            player.play(); \/\/ Reproducir autom\u00e1ticamente\n        }\n\n        \/\/ Funci\u00f3n para cerrar el modal\n        function closeVideo(event, forceClose) {\n            \/\/ Si forceClose es true (bot\u00f3n X) o si se hace click fuera del contenido (fondo oscuro)\n            if (forceClose || event.target === modal) {\n                modal.classList.remove('active');\n                player.pause(); \/\/ Pausar video\n                player.currentTime = 0; \/\/ Reiniciar video\n                setTimeout(() => {\n                    player.src = \"\"; \/\/ Limpiar fuente para detener descarga de datos\n                }, 300);\n            }\n        }\n\n        \/\/ Cerrar con tecla ESC\n        document.addEventListener('keydown', function(event) {\n            if (event.key === \"Escape\") {\n                closeVideo(event, true);\n            }\n        });\n    <\/script>\n","protected":false},"excerpt":{"rendered":"<p>Espect\u00e1culos Los colores de mi tierra Como celebraci\u00f3n a la primera d\u00e9cada de existencia, la Corporaci\u00f3n Cultural DANZARTE ha creado el espect\u00e1culo LOS COLORES DE MI TIERRA, una celebraci\u00f3n donde el cuerpo y el sonido buscan llevar al espectador por un viaje hacia diferentes geograf\u00edas de un pa\u00eds, donde la tradici\u00f3n, la modernidad, lo urbano [&hellip;]<\/p>\n","protected":false},"author":1,"featured_media":0,"parent":0,"menu_order":0,"comment_status":"closed","ping_status":"closed","template":"","meta":{"ngg_post_thumbnail":0,"footnotes":""},"class_list":["post-251","page","type-page","status-publish","hentry"],"yoast_head":"<!-- This site is optimized with the Yoast SEO plugin v27.4 - https:\/\/yoast.com\/product\/yoast-seo-wordpress\/ -->\n<title>Espect\u00e1culos - Corporaci\u00f3n Cultural Danzarte<\/title>\n<meta name=\"robots\" content=\"index, follow, max-snippet:-1, max-image-preview:large, max-video-preview:-1\" \/>\n<link rel=\"canonical\" href=\"https:\/\/corporaciondanzarte.com\/?page_id=251\" \/>\n<meta property=\"og:locale\" content=\"en_US\" \/>\n<meta property=\"og:type\" content=\"article\" \/>\n<meta property=\"og:title\" content=\"Espect\u00e1culos - Corporaci\u00f3n Cultural Danzarte\" \/>\n<meta property=\"og:description\" content=\"Espect\u00e1culos Los colores de mi tierra Como celebraci\u00f3n a la primera d\u00e9cada de existencia, la Corporaci\u00f3n Cultural DANZARTE ha creado el espect\u00e1culo LOS COLORES DE MI TIERRA, una celebraci\u00f3n donde el cuerpo y el sonido buscan llevar al espectador por un viaje hacia diferentes geograf\u00edas de un pa\u00eds, donde la tradici\u00f3n, la modernidad, lo urbano [&hellip;]\" \/>\n<meta property=\"og:url\" content=\"https:\/\/corporaciondanzarte.com\/?page_id=251\" \/>\n<meta property=\"og:site_name\" content=\"Corporaci\u00f3n Cultural Danzarte\" \/>\n<meta property=\"article:modified_time\" content=\"2026-02-07T01:01:11+00:00\" \/>\n<meta property=\"og:image\" content=\"https:\/\/corporaciondanzarte.com\/img\/coloresDeMiTierra.jpeg\" \/>\n<meta name=\"twitter:card\" content=\"summary_large_image\" \/>\n<meta name=\"twitter:label1\" content=\"Est. reading time\" \/>\n\t<meta name=\"twitter:data1\" content=\"3 minutes\" \/>\n<script type=\"application\/ld+json\" class=\"yoast-schema-graph\">{\"@context\":\"https:\\\/\\\/schema.org\",\"@graph\":[{\"@type\":\"WebPage\",\"@id\":\"https:\\\/\\\/corporaciondanzarte.com\\\/?page_id=251\",\"url\":\"https:\\\/\\\/corporaciondanzarte.com\\\/?page_id=251\",\"name\":\"Espect\u00e1culos - Corporaci\u00f3n Cultural Danzarte\",\"isPartOf\":{\"@id\":\"https:\\\/\\\/corporaciondanzarte.com\\\/#website\"},\"primaryImageOfPage\":{\"@id\":\"https:\\\/\\\/corporaciondanzarte.com\\\/?page_id=251#primaryimage\"},\"image\":{\"@id\":\"https:\\\/\\\/corporaciondanzarte.com\\\/?page_id=251#primaryimage\"},\"thumbnailUrl\":\"https:\\\/\\\/corporaciondanzarte.com\\\/img\\\/coloresDeMiTierra.jpeg\",\"datePublished\":\"2025-01-14T16:41:29+00:00\",\"dateModified\":\"2026-02-07T01:01:11+00:00\",\"breadcrumb\":{\"@id\":\"https:\\\/\\\/corporaciondanzarte.com\\\/?page_id=251#breadcrumb\"},\"inLanguage\":\"en-US\",\"potentialAction\":[{\"@type\":\"ReadAction\",\"target\":[\"https:\\\/\\\/corporaciondanzarte.com\\\/?page_id=251\"]}]},{\"@type\":\"ImageObject\",\"inLanguage\":\"en-US\",\"@id\":\"https:\\\/\\\/corporaciondanzarte.com\\\/?page_id=251#primaryimage\",\"url\":\"https:\\\/\\\/corporaciondanzarte.com\\\/img\\\/coloresDeMiTierra.jpeg\",\"contentUrl\":\"https:\\\/\\\/corporaciondanzarte.com\\\/img\\\/coloresDeMiTierra.jpeg\"},{\"@type\":\"BreadcrumbList\",\"@id\":\"https:\\\/\\\/corporaciondanzarte.com\\\/?page_id=251#breadcrumb\",\"itemListElement\":[{\"@type\":\"ListItem\",\"position\":1,\"name\":\"Home\",\"item\":\"https:\\\/\\\/corporaciondanzarte.com\\\/\"},{\"@type\":\"ListItem\",\"position\":2,\"name\":\"Espect\u00e1culos\"}]},{\"@type\":\"WebSite\",\"@id\":\"https:\\\/\\\/corporaciondanzarte.com\\\/#website\",\"url\":\"https:\\\/\\\/corporaciondanzarte.com\\\/\",\"name\":\"Corporaci\u00f3n Cultural Danzarte\",\"description\":\"\",\"publisher\":{\"@id\":\"https:\\\/\\\/corporaciondanzarte.com\\\/#organization\"},\"potentialAction\":[{\"@type\":\"SearchAction\",\"target\":{\"@type\":\"EntryPoint\",\"urlTemplate\":\"https:\\\/\\\/corporaciondanzarte.com\\\/?s={search_term_string}\"},\"query-input\":{\"@type\":\"PropertyValueSpecification\",\"valueRequired\":true,\"valueName\":\"search_term_string\"}}],\"inLanguage\":\"en-US\"},{\"@type\":\"Organization\",\"@id\":\"https:\\\/\\\/corporaciondanzarte.com\\\/#organization\",\"name\":\"Corporaci\u00f3n Cultural Danzarte\",\"url\":\"https:\\\/\\\/corporaciondanzarte.com\\\/\",\"logo\":{\"@type\":\"ImageObject\",\"inLanguage\":\"en-US\",\"@id\":\"https:\\\/\\\/corporaciondanzarte.com\\\/#\\\/schema\\\/logo\\\/image\\\/\",\"url\":\"https:\\\/\\\/corporaciondanzarte.com\\\/wp-content\\\/uploads\\\/2025\\\/01\\\/cropped-LogoNuevo.jpeg\",\"contentUrl\":\"https:\\\/\\\/corporaciondanzarte.com\\\/wp-content\\\/uploads\\\/2025\\\/01\\\/cropped-LogoNuevo.jpeg\",\"width\":818,\"height\":517,\"caption\":\"Corporaci\u00f3n Cultural Danzarte\"},\"image\":{\"@id\":\"https:\\\/\\\/corporaciondanzarte.com\\\/#\\\/schema\\\/logo\\\/image\\\/\"}}]}<\/script>\n<!-- \/ Yoast SEO plugin. -->","yoast_head_json":{"title":"Espect\u00e1culos - Corporaci\u00f3n Cultural Danzarte","robots":{"index":"index","follow":"follow","max-snippet":"max-snippet:-1","max-image-preview":"max-image-preview:large","max-video-preview":"max-video-preview:-1"},"canonical":"https:\/\/corporaciondanzarte.com\/?page_id=251","og_locale":"en_US","og_type":"article","og_title":"Espect\u00e1culos - Corporaci\u00f3n Cultural Danzarte","og_description":"Espect\u00e1culos Los colores de mi tierra Como celebraci\u00f3n a la primera d\u00e9cada de existencia, la Corporaci\u00f3n Cultural DANZARTE ha creado el espect\u00e1culo LOS COLORES DE MI TIERRA, una celebraci\u00f3n donde el cuerpo y el sonido buscan llevar al espectador por un viaje hacia diferentes geograf\u00edas de un pa\u00eds, donde la tradici\u00f3n, la modernidad, lo urbano [&hellip;]","og_url":"https:\/\/corporaciondanzarte.com\/?page_id=251","og_site_name":"Corporaci\u00f3n Cultural Danzarte","article_modified_time":"2026-02-07T01:01:11+00:00","og_image":[{"url":"https:\/\/corporaciondanzarte.com\/img\/coloresDeMiTierra.jpeg","type":"","width":"","height":""}],"twitter_card":"summary_large_image","twitter_misc":{"Est. reading time":"3 minutes"},"schema":{"@context":"https:\/\/schema.org","@graph":[{"@type":"WebPage","@id":"https:\/\/corporaciondanzarte.com\/?page_id=251","url":"https:\/\/corporaciondanzarte.com\/?page_id=251","name":"Espect\u00e1culos - Corporaci\u00f3n Cultural Danzarte","isPartOf":{"@id":"https:\/\/corporaciondanzarte.com\/#website"},"primaryImageOfPage":{"@id":"https:\/\/corporaciondanzarte.com\/?page_id=251#primaryimage"},"image":{"@id":"https:\/\/corporaciondanzarte.com\/?page_id=251#primaryimage"},"thumbnailUrl":"https:\/\/corporaciondanzarte.com\/img\/coloresDeMiTierra.jpeg","datePublished":"2025-01-14T16:41:29+00:00","dateModified":"2026-02-07T01:01:11+00:00","breadcrumb":{"@id":"https:\/\/corporaciondanzarte.com\/?page_id=251#breadcrumb"},"inLanguage":"en-US","potentialAction":[{"@type":"ReadAction","target":["https:\/\/corporaciondanzarte.com\/?page_id=251"]}]},{"@type":"ImageObject","inLanguage":"en-US","@id":"https:\/\/corporaciondanzarte.com\/?page_id=251#primaryimage","url":"https:\/\/corporaciondanzarte.com\/img\/coloresDeMiTierra.jpeg","contentUrl":"https:\/\/corporaciondanzarte.com\/img\/coloresDeMiTierra.jpeg"},{"@type":"BreadcrumbList","@id":"https:\/\/corporaciondanzarte.com\/?page_id=251#breadcrumb","itemListElement":[{"@type":"ListItem","position":1,"name":"Home","item":"https:\/\/corporaciondanzarte.com\/"},{"@type":"ListItem","position":2,"name":"Espect\u00e1culos"}]},{"@type":"WebSite","@id":"https:\/\/corporaciondanzarte.com\/#website","url":"https:\/\/corporaciondanzarte.com\/","name":"Corporaci\u00f3n Cultural Danzarte","description":"","publisher":{"@id":"https:\/\/corporaciondanzarte.com\/#organization"},"potentialAction":[{"@type":"SearchAction","target":{"@type":"EntryPoint","urlTemplate":"https:\/\/corporaciondanzarte.com\/?s={search_term_string}"},"query-input":{"@type":"PropertyValueSpecification","valueRequired":true,"valueName":"search_term_string"}}],"inLanguage":"en-US"},{"@type":"Organization","@id":"https:\/\/corporaciondanzarte.com\/#organization","name":"Corporaci\u00f3n Cultural Danzarte","url":"https:\/\/corporaciondanzarte.com\/","logo":{"@type":"ImageObject","inLanguage":"en-US","@id":"https:\/\/corporaciondanzarte.com\/#\/schema\/logo\/image\/","url":"https:\/\/corporaciondanzarte.com\/wp-content\/uploads\/2025\/01\/cropped-LogoNuevo.jpeg","contentUrl":"https:\/\/corporaciondanzarte.com\/wp-content\/uploads\/2025\/01\/cropped-LogoNuevo.jpeg","width":818,"height":517,"caption":"Corporaci\u00f3n Cultural Danzarte"},"image":{"@id":"https:\/\/corporaciondanzarte.com\/#\/schema\/logo\/image\/"}}]}},"brizy_media":[],"_links":{"self":[{"href":"https:\/\/corporaciondanzarte.com\/index.php?rest_route=\/wp\/v2\/pages\/251","targetHints":{"allow":["GET"]}}],"collection":[{"href":"https:\/\/corporaciondanzarte.com\/index.php?rest_route=\/wp\/v2\/pages"}],"about":[{"href":"https:\/\/corporaciondanzarte.com\/index.php?rest_route=\/wp\/v2\/types\/page"}],"author":[{"embeddable":true,"href":"https:\/\/corporaciondanzarte.com\/index.php?rest_route=\/wp\/v2\/users\/1"}],"replies":[{"embeddable":true,"href":"https:\/\/corporaciondanzarte.com\/index.php?rest_route=%2Fwp%2Fv2%2Fcomments&post=251"}],"version-history":[{"count":5,"href":"https:\/\/corporaciondanzarte.com\/index.php?rest_route=\/wp\/v2\/pages\/251\/revisions"}],"predecessor-version":[{"id":278,"href":"https:\/\/corporaciondanzarte.com\/index.php?rest_route=\/wp\/v2\/pages\/251\/revisions\/278"}],"wp:attachment":[{"href":"https:\/\/corporaciondanzarte.com\/index.php?rest_route=%2Fwp%2Fv2%2Fmedia&parent=251"}],"curies":[{"name":"wp","href":"https:\/\/api.w.org\/{rel}","templated":true}]}}