{"id":33,"date":"2024-09-14T09:01:19","date_gmt":"2024-09-14T09:01:19","guid":{"rendered":"https:\/\/corporaciondanzarte.com\/?page_id=33"},"modified":"2025-01-14T17:42:23","modified_gmt":"2025-01-14T17:42:23","slug":"clases","status":"publish","type":"page","link":"https:\/\/corporaciondanzarte.com\/?page_id=33","title":{"rendered":"Clases"},"content":{"rendered":"\n<h1 class=\"entry-title\">Nuestras Clases<\/h1>\n<section id=\"clases\">\n  <p>\n    Ofrecemos una variada gama de clases en diferentes g\u00e9neros de la danza para\n    ni\u00f1os desde los 2 a\u00f1os hasta adultos mayores.\n  <\/p>\n  <div class=\"cards animate__animated animate__fadeInUp\">\n    <div class=\"card\" tabindex=\"0\">\n      <img decoding=\"async\" src=\"https:\/\/corporaciondanzarte.com\/img\/iniciacion.jpg\" \/>\n      <div class=\"title\">\n        Iniciaci\u00f3n al Movimiento\n        <div class=\"age\">(2-4 a\u00f1os)<\/div>\n      <\/div>\n      <p class=\"text\">\n        Programa dise\u00f1ado para que los ni\u00f1os desarrollen habilidades motrices,\n        sensoriales y psicomotoras a trav\u00e9s de la m\u00fasica, la gimnasia y la\n        expresi\u00f3n corporal.\n      <\/p>\n    <\/div>\n\n    <div class=\"card\" tabindex=\"0\">\n      <img decoding=\"async\" src=\"https:\/\/corporaciondanzarte.com\/img\/nivelacion.jpg\" \/>\n      <div class=\"title\">\n        Nivelaci\u00f3n\n        <div class=\"age\">(5-6 a\u00f1os)<\/div>\n      <\/div>\n      <p class=\"text\">\n        En esta clase se ense\u00f1an las t\u00e9cnicas de danza de la corporaci\u00f3n\n        Danzarte, incluyendo Ballet, Folclor, Urbano, Latin Jazz, Salsa y\n        Gimnasia. El objetivo es formar a ni\u00f1os con diversas habilidades en la\n        danza.\n      <\/p>\n    <\/div>\n\n    <div class=\"card\" tabindex=\"0\">\n      <img decoding=\"async\" src=\"https:\/\/corporaciondanzarte.com\/img\/semillero.jpg\" \/>\n      <div class=\"title\">\n        Semillero\n        <div class=\"age\">(7-12 a\u00f1os)<\/div>\n      <\/div>\n      <p class=\"text\">\n        Este grupo se enfoca en la creaci\u00f3n y composici\u00f3n coreogr\u00e1fica, con un\n        \u00e9nfasis en folclor y bailes populares, proyectado hacia espect\u00e1culos y\n        presentaciones art\u00edsticas.\n      <\/p>\n    <\/div>\n\n    <div class=\"card\" tabindex=\"0\">\n      <img decoding=\"async\" src=\"https:\/\/corporaciondanzarte.com\/img\/latinos.jpg\" \/>\n      <div class=\"title\">\n        Ritmos Latinos\n        <div class=\"age\">(18 a\u00f1os en adelante)<\/div>\n      <\/div>\n      <p class=\"text\">\n        Programa dirigido a personas interesadas en aprender diferentes g\u00e9neros\n        musicales que representen lo aut\u00f3ctono de cada regi\u00f3n, como porro,\n        salsa, bachata y merengue.\n      <\/p>\n    <\/div>\n\n    <div class=\"card\" tabindex=\"0\">\n      <img decoding=\"async\" src=\"https:\/\/corporaciondanzarte.com\/img\/principal.jpg\" \/>\n      <div class=\"title\">\n        Elenco Principal\n        <div class=\"age\">(13 a\u00f1os en adelante)<\/div>\n      <\/div>\n      <p class=\"text\">\n        El elenco principal de la Corporaci\u00f3n Cultural Danzarte tiene una\n        formaci\u00f3n amplia en expresiones danzadas, lo que les permite crear\n        espect\u00e1culos en m\u00faltiples formatos. Es un grupo integro y profesional.\n        Realizan eventos locales, departamentales, nacionales e internacionales.\n        Su repertorio se centra en el folclor, ritmos latinos y danza urbana.\n      <\/p>\n    <\/div>\n\n    <div class=\"card\" tabindex=\"0\">\n      <img decoding=\"async\" src=\"https:\/\/corporaciondanzarte.com\/img\/activacion.jpg\" \/>\n      <div class=\"title\">\n        Activaciones corporales y sonoras \n        <div class=\"age\">(para instituciones y empresas)<\/div>\n      <\/div>\n      <p class=\"text\">\n        Ofrecemos din\u00e1micas de entrenamiento basadas en diversos ritmos de danza, dise\u00f1adas para crear espacios de recreaci\u00f3n y bienestar. Estas actividades est\u00e1n pensadas para grupos que necesiten momentos de pausa activa, promoviendo el movimiento, la conexi\u00f3n grupal y la revitalizaci\u00f3n a trav\u00e9s del ritmo y el ejercicio.\n      <\/p>\n    <\/div>\n    <div class=\"card\" tabindex=\"0\">\n      <img decoding=\"async\" src=\"https:\/\/corporaciondanzarte.com\/img\/otros.jpg\" \/>\n      <div class=\"title\">\n        Otras disciplinas\n        <div class=\"age\"><\/div>\n      <\/div>\n      <p class=\"text\">\n        Acro-dance, Tango, Teatro. Estas clases interdisciplinarias complementan\n        la formaci\u00f3n de los bailarines y los grupos de la corporaci\u00f3n,\n        enriqueciendo los montajes en cada una de las l\u00edneas de danza.\n      <\/p>\n    <\/div>\n  <\/div>\n<\/section>\n","protected":false},"excerpt":{"rendered":"<p>Nuestras Clases Ofrecemos una variada gama de clases en diferentes g\u00e9neros de la danza para ni\u00f1os desde los 2 a\u00f1os hasta adultos mayores. Iniciaci\u00f3n al Movimiento (2-4 a\u00f1os) Programa dise\u00f1ado para que los ni\u00f1os desarrollen habilidades motrices, sensoriales y psicomotoras a trav\u00e9s de la m\u00fasica, la gimnasia y la expresi\u00f3n corporal. Nivelaci\u00f3n (5-6 a\u00f1os) En [&hellip;]<\/p>\n","protected":false},"author":1,"featured_media":0,"parent":0,"menu_order":0,"comment_status":"closed","ping_status":"closed","template":"","meta":{"ngg_post_thumbnail":0,"footnotes":""},"class_list":["post-33","page","type-page","status-publish","hentry"],"yoast_head":"<!-- This site is optimized with the Yoast SEO plugin v27.4 - https:\/\/yoast.com\/product\/yoast-seo-wordpress\/ -->\n<title>Clases - Corporaci\u00f3n Cultural Danzarte<\/title>\n<meta name=\"robots\" content=\"index, follow, max-snippet:-1, max-image-preview:large, max-video-preview:-1\" \/>\n<link rel=\"canonical\" href=\"https:\/\/corporaciondanzarte.com\/?page_id=33\" \/>\n<meta property=\"og:locale\" content=\"en_US\" \/>\n<meta property=\"og:type\" content=\"article\" \/>\n<meta property=\"og:title\" content=\"Clases - Corporaci\u00f3n Cultural Danzarte\" \/>\n<meta property=\"og:description\" content=\"Nuestras Clases Ofrecemos una variada gama de clases en diferentes g\u00e9neros de la danza para ni\u00f1os desde los 2 a\u00f1os hasta adultos mayores. Iniciaci\u00f3n al Movimiento (2-4 a\u00f1os) Programa dise\u00f1ado para que los ni\u00f1os desarrollen habilidades motrices, sensoriales y psicomotoras a trav\u00e9s de la m\u00fasica, la gimnasia y la expresi\u00f3n corporal. Nivelaci\u00f3n (5-6 a\u00f1os) En [&hellip;]\" \/>\n<meta property=\"og:url\" content=\"https:\/\/corporaciondanzarte.com\/?page_id=33\" \/>\n<meta property=\"og:site_name\" content=\"Corporaci\u00f3n Cultural Danzarte\" \/>\n<meta property=\"article:modified_time\" content=\"2025-01-14T17:42:23+00:00\" \/>\n<meta property=\"og:image\" content=\"https:\/\/corporaciondanzarte.com\/img\/iniciacion.jpg\" \/>\n<meta name=\"twitter:card\" content=\"summary_large_image\" \/>\n<meta name=\"twitter:label1\" content=\"Est. reading time\" \/>\n\t<meta name=\"twitter:data1\" content=\"3 minutes\" \/>\n<script type=\"application\/ld+json\" class=\"yoast-schema-graph\">{\"@context\":\"https:\\\/\\\/schema.org\",\"@graph\":[{\"@type\":\"WebPage\",\"@id\":\"https:\\\/\\\/corporaciondanzarte.com\\\/?page_id=33\",\"url\":\"https:\\\/\\\/corporaciondanzarte.com\\\/?page_id=33\",\"name\":\"Clases - Corporaci\u00f3n Cultural Danzarte\",\"isPartOf\":{\"@id\":\"https:\\\/\\\/corporaciondanzarte.com\\\/#website\"},\"primaryImageOfPage\":{\"@id\":\"https:\\\/\\\/corporaciondanzarte.com\\\/?page_id=33#primaryimage\"},\"image\":{\"@id\":\"https:\\\/\\\/corporaciondanzarte.com\\\/?page_id=33#primaryimage\"},\"thumbnailUrl\":\"https:\\\/\\\/corporaciondanzarte.com\\\/img\\\/iniciacion.jpg\",\"datePublished\":\"2024-09-14T09:01:19+00:00\",\"dateModified\":\"2025-01-14T17:42:23+00:00\",\"breadcrumb\":{\"@id\":\"https:\\\/\\\/corporaciondanzarte.com\\\/?page_id=33#breadcrumb\"},\"inLanguage\":\"en-US\",\"potentialAction\":[{\"@type\":\"ReadAction\",\"target\":[\"https:\\\/\\\/corporaciondanzarte.com\\\/?page_id=33\"]}]},{\"@type\":\"ImageObject\",\"inLanguage\":\"en-US\",\"@id\":\"https:\\\/\\\/corporaciondanzarte.com\\\/?page_id=33#primaryimage\",\"url\":\"https:\\\/\\\/corporaciondanzarte.com\\\/img\\\/iniciacion.jpg\",\"contentUrl\":\"https:\\\/\\\/corporaciondanzarte.com\\\/img\\\/iniciacion.jpg\"},{\"@type\":\"BreadcrumbList\",\"@id\":\"https:\\\/\\\/corporaciondanzarte.com\\\/?page_id=33#breadcrumb\",\"itemListElement\":[{\"@type\":\"ListItem\",\"position\":1,\"name\":\"Home\",\"item\":\"https:\\\/\\\/corporaciondanzarte.com\\\/\"},{\"@type\":\"ListItem\",\"position\":2,\"name\":\"Clases\"}]},{\"@type\":\"WebSite\",\"@id\":\"https:\\\/\\\/corporaciondanzarte.com\\\/#website\",\"url\":\"https:\\\/\\\/corporaciondanzarte.com\\\/\",\"name\":\"Corporaci\u00f3n Cultural Danzarte\",\"description\":\"\",\"publisher\":{\"@id\":\"https:\\\/\\\/corporaciondanzarte.com\\\/#organization\"},\"potentialAction\":[{\"@type\":\"SearchAction\",\"target\":{\"@type\":\"EntryPoint\",\"urlTemplate\":\"https:\\\/\\\/corporaciondanzarte.com\\\/?s={search_term_string}\"},\"query-input\":{\"@type\":\"PropertyValueSpecification\",\"valueRequired\":true,\"valueName\":\"search_term_string\"}}],\"inLanguage\":\"en-US\"},{\"@type\":\"Organization\",\"@id\":\"https:\\\/\\\/corporaciondanzarte.com\\\/#organization\",\"name\":\"Corporaci\u00f3n Cultural Danzarte\",\"url\":\"https:\\\/\\\/corporaciondanzarte.com\\\/\",\"logo\":{\"@type\":\"ImageObject\",\"inLanguage\":\"en-US\",\"@id\":\"https:\\\/\\\/corporaciondanzarte.com\\\/#\\\/schema\\\/logo\\\/image\\\/\",\"url\":\"https:\\\/\\\/corporaciondanzarte.com\\\/wp-content\\\/uploads\\\/2025\\\/01\\\/cropped-LogoNuevo.jpeg\",\"contentUrl\":\"https:\\\/\\\/corporaciondanzarte.com\\\/wp-content\\\/uploads\\\/2025\\\/01\\\/cropped-LogoNuevo.jpeg\",\"width\":818,\"height\":517,\"caption\":\"Corporaci\u00f3n Cultural Danzarte\"},\"image\":{\"@id\":\"https:\\\/\\\/corporaciondanzarte.com\\\/#\\\/schema\\\/logo\\\/image\\\/\"}}]}<\/script>\n<!-- \/ Yoast SEO plugin. -->","yoast_head_json":{"title":"Clases - Corporaci\u00f3n Cultural Danzarte","robots":{"index":"index","follow":"follow","max-snippet":"max-snippet:-1","max-image-preview":"max-image-preview:large","max-video-preview":"max-video-preview:-1"},"canonical":"https:\/\/corporaciondanzarte.com\/?page_id=33","og_locale":"en_US","og_type":"article","og_title":"Clases - Corporaci\u00f3n Cultural Danzarte","og_description":"Nuestras Clases Ofrecemos una variada gama de clases en diferentes g\u00e9neros de la danza para ni\u00f1os desde los 2 a\u00f1os hasta adultos mayores. Iniciaci\u00f3n al Movimiento (2-4 a\u00f1os) Programa dise\u00f1ado para que los ni\u00f1os desarrollen habilidades motrices, sensoriales y psicomotoras a trav\u00e9s de la m\u00fasica, la gimnasia y la expresi\u00f3n corporal. Nivelaci\u00f3n (5-6 a\u00f1os) En [&hellip;]","og_url":"https:\/\/corporaciondanzarte.com\/?page_id=33","og_site_name":"Corporaci\u00f3n Cultural Danzarte","article_modified_time":"2025-01-14T17:42:23+00:00","og_image":[{"url":"https:\/\/corporaciondanzarte.com\/img\/iniciacion.jpg","type":"","width":"","height":""}],"twitter_card":"summary_large_image","twitter_misc":{"Est. reading time":"3 minutes"},"schema":{"@context":"https:\/\/schema.org","@graph":[{"@type":"WebPage","@id":"https:\/\/corporaciondanzarte.com\/?page_id=33","url":"https:\/\/corporaciondanzarte.com\/?page_id=33","name":"Clases - Corporaci\u00f3n Cultural Danzarte","isPartOf":{"@id":"https:\/\/corporaciondanzarte.com\/#website"},"primaryImageOfPage":{"@id":"https:\/\/corporaciondanzarte.com\/?page_id=33#primaryimage"},"image":{"@id":"https:\/\/corporaciondanzarte.com\/?page_id=33#primaryimage"},"thumbnailUrl":"https:\/\/corporaciondanzarte.com\/img\/iniciacion.jpg","datePublished":"2024-09-14T09:01:19+00:00","dateModified":"2025-01-14T17:42:23+00:00","breadcrumb":{"@id":"https:\/\/corporaciondanzarte.com\/?page_id=33#breadcrumb"},"inLanguage":"en-US","potentialAction":[{"@type":"ReadAction","target":["https:\/\/corporaciondanzarte.com\/?page_id=33"]}]},{"@type":"ImageObject","inLanguage":"en-US","@id":"https:\/\/corporaciondanzarte.com\/?page_id=33#primaryimage","url":"https:\/\/corporaciondanzarte.com\/img\/iniciacion.jpg","contentUrl":"https:\/\/corporaciondanzarte.com\/img\/iniciacion.jpg"},{"@type":"BreadcrumbList","@id":"https:\/\/corporaciondanzarte.com\/?page_id=33#breadcrumb","itemListElement":[{"@type":"ListItem","position":1,"name":"Home","item":"https:\/\/corporaciondanzarte.com\/"},{"@type":"ListItem","position":2,"name":"Clases"}]},{"@type":"WebSite","@id":"https:\/\/corporaciondanzarte.com\/#website","url":"https:\/\/corporaciondanzarte.com\/","name":"Corporaci\u00f3n Cultural Danzarte","description":"","publisher":{"@id":"https:\/\/corporaciondanzarte.com\/#organization"},"potentialAction":[{"@type":"SearchAction","target":{"@type":"EntryPoint","urlTemplate":"https:\/\/corporaciondanzarte.com\/?s={search_term_string}"},"query-input":{"@type":"PropertyValueSpecification","valueRequired":true,"valueName":"search_term_string"}}],"inLanguage":"en-US"},{"@type":"Organization","@id":"https:\/\/corporaciondanzarte.com\/#organization","name":"Corporaci\u00f3n Cultural Danzarte","url":"https:\/\/corporaciondanzarte.com\/","logo":{"@type":"ImageObject","inLanguage":"en-US","@id":"https:\/\/corporaciondanzarte.com\/#\/schema\/logo\/image\/","url":"https:\/\/corporaciondanzarte.com\/wp-content\/uploads\/2025\/01\/cropped-LogoNuevo.jpeg","contentUrl":"https:\/\/corporaciondanzarte.com\/wp-content\/uploads\/2025\/01\/cropped-LogoNuevo.jpeg","width":818,"height":517,"caption":"Corporaci\u00f3n Cultural Danzarte"},"image":{"@id":"https:\/\/corporaciondanzarte.com\/#\/schema\/logo\/image\/"}}]}},"brizy_media":[],"_links":{"self":[{"href":"https:\/\/corporaciondanzarte.com\/index.php?rest_route=\/wp\/v2\/pages\/33","targetHints":{"allow":["GET"]}}],"collection":[{"href":"https:\/\/corporaciondanzarte.com\/index.php?rest_route=\/wp\/v2\/pages"}],"about":[{"href":"https:\/\/corporaciondanzarte.com\/index.php?rest_route=\/wp\/v2\/types\/page"}],"author":[{"embeddable":true,"href":"https:\/\/corporaciondanzarte.com\/index.php?rest_route=\/wp\/v2\/users\/1"}],"replies":[{"embeddable":true,"href":"https:\/\/corporaciondanzarte.com\/index.php?rest_route=%2Fwp%2Fv2%2Fcomments&post=33"}],"version-history":[{"count":5,"href":"https:\/\/corporaciondanzarte.com\/index.php?rest_route=\/wp\/v2\/pages\/33\/revisions"}],"predecessor-version":[{"id":264,"href":"https:\/\/corporaciondanzarte.com\/index.php?rest_route=\/wp\/v2\/pages\/33\/revisions\/264"}],"wp:attachment":[{"href":"https:\/\/corporaciondanzarte.com\/index.php?rest_route=%2Fwp%2Fv2%2Fmedia&parent=33"}],"curies":[{"name":"wp","href":"https:\/\/api.w.org\/{rel}","templated":true}]}}