{"id":77,"date":"2024-09-16T19:08:01","date_gmt":"2024-09-16T19:08:01","guid":{"rendered":"https:\/\/corporaciondanzarte.com\/?page_id=77"},"modified":"2026-02-07T00:56:29","modified_gmt":"2026-02-07T00:56:29","slug":"proyectos","status":"publish","type":"page","link":"https:\/\/corporaciondanzarte.com\/?page_id=77","title":{"rendered":"Proyectos"},"content":{"rendered":"\n<h1 class=\"entry-title\">Proyectos Socio Culturales<\/h1>\n<section class=\"images-section\">\n  <div class=\"item animate__animated animate__fadeInUp\">\n    <img decoding=\"async\"\n      src=\"https:\/\/corporaciondanzarte.com\/img\/redovaton.jpg\"\n      alt=\"redovaton\"\n    \/>\n    <div class=\"texto\">\n      <h2>La Redovat\u00f3n<\/h2>\n      <p>\n        Es una propuesta de circulaci\u00f3n local, desarrollada en el a\u00f1o 2021 en\n        diferentes espacios del municipio de Girardota. Este proyecto se llev\u00f3 a\n        cabo en colaboraci\u00f3n con el Consejo Comunitario de la vereda San Andr\u00e9s.\n        La importancia de llevar la tradici\u00f3n cultural de las diversas pr\u00e1cticas\n        art\u00edsticas y patrimoniales a distintos espacios del territorio, tanto\n        rurales como urbanos, permiti\u00f3 cohesionar con las veredas Manga Arriba,\n        Juan Cojo, La Palma, Loma de los Ochoa, San Diego, El Para\u00edso, San\n        Andr\u00e9s, y los barrios Aurelio Mej\u00eda y Santa Ana.\n      <\/p>\n    <\/div>\n  <\/div>\n\n  <hr class=\"wp-block-separator has-alpha-channel-opacity\" \/>\n  <div class=\"item animate__animated animate__fadeInUp\">\n    <img decoding=\"async\"\n      src=\"https:\/\/corporaciondanzarte.com\/img\/saineteando2.jpg\"\n      alt=\"Saineteando\"\n    \/>\n    <div class=\"texto\">\n      <h2>2023 Saineteando y Danzando por los caminos de Girardota<\/h2>\n      <p>\n        Proyecto socio-cultural en favor de la conservaci\u00f3n de las pr\u00e1cticas\n        afro-andinas del patrimonio cultural del municipio. Generamos procesos y\n        proyectos que han sido apoyados por el Ministerio de las Culturas, las\n        Artes y los Saberes de Colombia, con el proyecto Saineteando y Danzando\n        por los Caminos de Girardota en el a\u00f1o 2023, donde se ha llevado a las\n        instituciones educativas, por medio de sabedores, profesores y\n        etnomusic\u00f3logos. Todo esto se crea con el fin de que los ni\u00f1os, ni\u00f1as y\n        adolescentes contin\u00faen el legado y la tradici\u00f3n ancestral y patrimonial\n        de las danzas, las m\u00fasicas y el sainete; historias que han sido llevadas\n        y contadas por los sabedores de la comunidad sanandresana del territorio\n        girardotano.\n      <\/p>\n    <\/div>\n  <\/div>\n\n  <hr class=\"wp-block-separator has-alpha-channel-opacity\" \/>\n  <div class=\"item animate__animated animate__fadeInUp\">\n    <img decoding=\"async\"\n      src=\"https:\/\/corporaciondanzarte.com\/img\/saineteando.jpg\"\n      alt=\"Saineteando\"\n    \/>\n    <div class=\"texto\">\n      <h2>\n        Continuidad al proyecto Saineteando y Danzando por los caminos de\n        Girardota 2024 ganador de la convocatoria para proyectos de formaci\u00f3n\n        Art\u00edstica y Cultural Dirigida a Instituciones, Colectivos y\n        organizaciones sociales\n      <\/h2>\n      <p>\n        Es un proyecto que busca ampliar los saberes ancestrales y conocimientos\n        art\u00edsticos y culturales afro-andinos, llegando a m\u00e1s instituciones\n        educativas del territorio girardotano. Es una apuesta que hacemos desde\n        la Corporaci\u00f3n Danzarte con el apoyo del Ministerio de las Culturas, las\n        Artes y los Saberes.\n        <br \/>\n        Este se desarroll\u00f3 con la Instituci\u00f3n Educativa San Andr\u00e9s y sus\n        subsedes (veredas El Socorro, Potrerito, Mercedes Abrego, Loma de los\n        Ochoa, Matica Parte Baja) y sectores como El Pi\u00f1al, Sector La Calle y\n        Sector Tusa.\n      <\/p>\n    <\/div>\n  <\/div>\n\n  <hr class=\"wp-block-separator has-alpha-channel-opacity\" \/>\n<\/section>\n\n\n\n<div class=\"image-galery\">\n    <img decoding=\"async\" src=\"https:\/\/corporaciondanzarte.com\/img\/proyectos1.jpeg\" alt=\"Proyectos 1\" tabindex=\"-1\"\/>\n    <img decoding=\"async\" src=\"https:\/\/corporaciondanzarte.com\/img\/proyectos2.jpeg\" alt=\"Proyectos 2\" tabindex=\"-1\"\/>\n    <img decoding=\"async\" src=\"https:\/\/corporaciondanzarte.com\/img\/proyectos3.jpeg\" alt=\"Proyectos 3\" tabindex=\"-1\"\/>\n  <\/div>\n  <hr class=\"wp-block-separator has-alpha-channel-opacity\" \/>\n","protected":false},"excerpt":{"rendered":"<p>Proyectos Socio Culturales La Redovat\u00f3n Es una propuesta de circulaci\u00f3n local, desarrollada en el a\u00f1o 2021 en diferentes espacios del municipio de Girardota. Este proyecto se llev\u00f3 a cabo en colaboraci\u00f3n con el Consejo Comunitario de la vereda San Andr\u00e9s. La importancia de llevar la tradici\u00f3n cultural de las diversas pr\u00e1cticas art\u00edsticas y patrimoniales a [&hellip;]<\/p>\n","protected":false},"author":2,"featured_media":0,"parent":0,"menu_order":0,"comment_status":"closed","ping_status":"closed","template":"","meta":{"ngg_post_thumbnail":0,"footnotes":""},"class_list":["post-77","page","type-page","status-publish","hentry"],"yoast_head":"<!-- This site is optimized with the Yoast SEO plugin v27.4 - https:\/\/yoast.com\/product\/yoast-seo-wordpress\/ -->\n<title>Proyectos - Corporaci\u00f3n Cultural Danzarte<\/title>\n<meta name=\"robots\" content=\"index, follow, max-snippet:-1, max-image-preview:large, max-video-preview:-1\" \/>\n<link rel=\"canonical\" href=\"https:\/\/corporaciondanzarte.com\/?page_id=77\" \/>\n<meta property=\"og:locale\" content=\"en_US\" \/>\n<meta property=\"og:type\" content=\"article\" \/>\n<meta property=\"og:title\" content=\"Proyectos - Corporaci\u00f3n Cultural Danzarte\" \/>\n<meta property=\"og:description\" content=\"Proyectos Socio Culturales La Redovat\u00f3n Es una propuesta de circulaci\u00f3n local, desarrollada en el a\u00f1o 2021 en diferentes espacios del municipio de Girardota. Este proyecto se llev\u00f3 a cabo en colaboraci\u00f3n con el Consejo Comunitario de la vereda San Andr\u00e9s. La importancia de llevar la tradici\u00f3n cultural de las diversas pr\u00e1cticas art\u00edsticas y patrimoniales a [&hellip;]\" \/>\n<meta property=\"og:url\" content=\"https:\/\/corporaciondanzarte.com\/?page_id=77\" \/>\n<meta property=\"og:site_name\" content=\"Corporaci\u00f3n Cultural Danzarte\" \/>\n<meta property=\"article:modified_time\" content=\"2026-02-07T00:56:29+00:00\" \/>\n<meta property=\"og:image\" content=\"https:\/\/corporaciondanzarte.com\/img\/proyectos1.jpeg\" \/>\n<meta name=\"twitter:card\" content=\"summary_large_image\" \/>\n<meta name=\"twitter:label1\" content=\"Est. reading time\" \/>\n\t<meta name=\"twitter:data1\" content=\"3 minutes\" \/>\n<script type=\"application\/ld+json\" class=\"yoast-schema-graph\">{\"@context\":\"https:\\\/\\\/schema.org\",\"@graph\":[{\"@type\":\"WebPage\",\"@id\":\"https:\\\/\\\/corporaciondanzarte.com\\\/?page_id=77\",\"url\":\"https:\\\/\\\/corporaciondanzarte.com\\\/?page_id=77\",\"name\":\"Proyectos - Corporaci\u00f3n Cultural Danzarte\",\"isPartOf\":{\"@id\":\"https:\\\/\\\/corporaciondanzarte.com\\\/#website\"},\"primaryImageOfPage\":{\"@id\":\"https:\\\/\\\/corporaciondanzarte.com\\\/?page_id=77#primaryimage\"},\"image\":{\"@id\":\"https:\\\/\\\/corporaciondanzarte.com\\\/?page_id=77#primaryimage\"},\"thumbnailUrl\":\"https:\\\/\\\/corporaciondanzarte.com\\\/img\\\/proyectos1.jpeg\",\"datePublished\":\"2024-09-16T19:08:01+00:00\",\"dateModified\":\"2026-02-07T00:56:29+00:00\",\"breadcrumb\":{\"@id\":\"https:\\\/\\\/corporaciondanzarte.com\\\/?page_id=77#breadcrumb\"},\"inLanguage\":\"en-US\",\"potentialAction\":[{\"@type\":\"ReadAction\",\"target\":[\"https:\\\/\\\/corporaciondanzarte.com\\\/?page_id=77\"]}]},{\"@type\":\"ImageObject\",\"inLanguage\":\"en-US\",\"@id\":\"https:\\\/\\\/corporaciondanzarte.com\\\/?page_id=77#primaryimage\",\"url\":\"https:\\\/\\\/corporaciondanzarte.com\\\/img\\\/proyectos1.jpeg\",\"contentUrl\":\"https:\\\/\\\/corporaciondanzarte.com\\\/img\\\/proyectos1.jpeg\"},{\"@type\":\"BreadcrumbList\",\"@id\":\"https:\\\/\\\/corporaciondanzarte.com\\\/?page_id=77#breadcrumb\",\"itemListElement\":[{\"@type\":\"ListItem\",\"position\":1,\"name\":\"Home\",\"item\":\"https:\\\/\\\/corporaciondanzarte.com\\\/\"},{\"@type\":\"ListItem\",\"position\":2,\"name\":\"Proyectos\"}]},{\"@type\":\"WebSite\",\"@id\":\"https:\\\/\\\/corporaciondanzarte.com\\\/#website\",\"url\":\"https:\\\/\\\/corporaciondanzarte.com\\\/\",\"name\":\"Corporaci\u00f3n Cultural Danzarte\",\"description\":\"\",\"publisher\":{\"@id\":\"https:\\\/\\\/corporaciondanzarte.com\\\/#organization\"},\"potentialAction\":[{\"@type\":\"SearchAction\",\"target\":{\"@type\":\"EntryPoint\",\"urlTemplate\":\"https:\\\/\\\/corporaciondanzarte.com\\\/?s={search_term_string}\"},\"query-input\":{\"@type\":\"PropertyValueSpecification\",\"valueRequired\":true,\"valueName\":\"search_term_string\"}}],\"inLanguage\":\"en-US\"},{\"@type\":\"Organization\",\"@id\":\"https:\\\/\\\/corporaciondanzarte.com\\\/#organization\",\"name\":\"Corporaci\u00f3n Cultural Danzarte\",\"url\":\"https:\\\/\\\/corporaciondanzarte.com\\\/\",\"logo\":{\"@type\":\"ImageObject\",\"inLanguage\":\"en-US\",\"@id\":\"https:\\\/\\\/corporaciondanzarte.com\\\/#\\\/schema\\\/logo\\\/image\\\/\",\"url\":\"https:\\\/\\\/corporaciondanzarte.com\\\/wp-content\\\/uploads\\\/2025\\\/01\\\/cropped-LogoNuevo.jpeg\",\"contentUrl\":\"https:\\\/\\\/corporaciondanzarte.com\\\/wp-content\\\/uploads\\\/2025\\\/01\\\/cropped-LogoNuevo.jpeg\",\"width\":818,\"height\":517,\"caption\":\"Corporaci\u00f3n Cultural Danzarte\"},\"image\":{\"@id\":\"https:\\\/\\\/corporaciondanzarte.com\\\/#\\\/schema\\\/logo\\\/image\\\/\"}}]}<\/script>\n<!-- \/ Yoast SEO plugin. -->","yoast_head_json":{"title":"Proyectos - Corporaci\u00f3n Cultural Danzarte","robots":{"index":"index","follow":"follow","max-snippet":"max-snippet:-1","max-image-preview":"max-image-preview:large","max-video-preview":"max-video-preview:-1"},"canonical":"https:\/\/corporaciondanzarte.com\/?page_id=77","og_locale":"en_US","og_type":"article","og_title":"Proyectos - Corporaci\u00f3n Cultural Danzarte","og_description":"Proyectos Socio Culturales La Redovat\u00f3n Es una propuesta de circulaci\u00f3n local, desarrollada en el a\u00f1o 2021 en diferentes espacios del municipio de Girardota. Este proyecto se llev\u00f3 a cabo en colaboraci\u00f3n con el Consejo Comunitario de la vereda San Andr\u00e9s. La importancia de llevar la tradici\u00f3n cultural de las diversas pr\u00e1cticas art\u00edsticas y patrimoniales a [&hellip;]","og_url":"https:\/\/corporaciondanzarte.com\/?page_id=77","og_site_name":"Corporaci\u00f3n Cultural Danzarte","article_modified_time":"2026-02-07T00:56:29+00:00","og_image":[{"url":"https:\/\/corporaciondanzarte.com\/img\/proyectos1.jpeg","type":"","width":"","height":""}],"twitter_card":"summary_large_image","twitter_misc":{"Est. reading time":"3 minutes"},"schema":{"@context":"https:\/\/schema.org","@graph":[{"@type":"WebPage","@id":"https:\/\/corporaciondanzarte.com\/?page_id=77","url":"https:\/\/corporaciondanzarte.com\/?page_id=77","name":"Proyectos - Corporaci\u00f3n Cultural Danzarte","isPartOf":{"@id":"https:\/\/corporaciondanzarte.com\/#website"},"primaryImageOfPage":{"@id":"https:\/\/corporaciondanzarte.com\/?page_id=77#primaryimage"},"image":{"@id":"https:\/\/corporaciondanzarte.com\/?page_id=77#primaryimage"},"thumbnailUrl":"https:\/\/corporaciondanzarte.com\/img\/proyectos1.jpeg","datePublished":"2024-09-16T19:08:01+00:00","dateModified":"2026-02-07T00:56:29+00:00","breadcrumb":{"@id":"https:\/\/corporaciondanzarte.com\/?page_id=77#breadcrumb"},"inLanguage":"en-US","potentialAction":[{"@type":"ReadAction","target":["https:\/\/corporaciondanzarte.com\/?page_id=77"]}]},{"@type":"ImageObject","inLanguage":"en-US","@id":"https:\/\/corporaciondanzarte.com\/?page_id=77#primaryimage","url":"https:\/\/corporaciondanzarte.com\/img\/proyectos1.jpeg","contentUrl":"https:\/\/corporaciondanzarte.com\/img\/proyectos1.jpeg"},{"@type":"BreadcrumbList","@id":"https:\/\/corporaciondanzarte.com\/?page_id=77#breadcrumb","itemListElement":[{"@type":"ListItem","position":1,"name":"Home","item":"https:\/\/corporaciondanzarte.com\/"},{"@type":"ListItem","position":2,"name":"Proyectos"}]},{"@type":"WebSite","@id":"https:\/\/corporaciondanzarte.com\/#website","url":"https:\/\/corporaciondanzarte.com\/","name":"Corporaci\u00f3n Cultural Danzarte","description":"","publisher":{"@id":"https:\/\/corporaciondanzarte.com\/#organization"},"potentialAction":[{"@type":"SearchAction","target":{"@type":"EntryPoint","urlTemplate":"https:\/\/corporaciondanzarte.com\/?s={search_term_string}"},"query-input":{"@type":"PropertyValueSpecification","valueRequired":true,"valueName":"search_term_string"}}],"inLanguage":"en-US"},{"@type":"Organization","@id":"https:\/\/corporaciondanzarte.com\/#organization","name":"Corporaci\u00f3n Cultural Danzarte","url":"https:\/\/corporaciondanzarte.com\/","logo":{"@type":"ImageObject","inLanguage":"en-US","@id":"https:\/\/corporaciondanzarte.com\/#\/schema\/logo\/image\/","url":"https:\/\/corporaciondanzarte.com\/wp-content\/uploads\/2025\/01\/cropped-LogoNuevo.jpeg","contentUrl":"https:\/\/corporaciondanzarte.com\/wp-content\/uploads\/2025\/01\/cropped-LogoNuevo.jpeg","width":818,"height":517,"caption":"Corporaci\u00f3n Cultural Danzarte"},"image":{"@id":"https:\/\/corporaciondanzarte.com\/#\/schema\/logo\/image\/"}}]}},"brizy_media":[],"_links":{"self":[{"href":"https:\/\/corporaciondanzarte.com\/index.php?rest_route=\/wp\/v2\/pages\/77","targetHints":{"allow":["GET"]}}],"collection":[{"href":"https:\/\/corporaciondanzarte.com\/index.php?rest_route=\/wp\/v2\/pages"}],"about":[{"href":"https:\/\/corporaciondanzarte.com\/index.php?rest_route=\/wp\/v2\/types\/page"}],"author":[{"embeddable":true,"href":"https:\/\/corporaciondanzarte.com\/index.php?rest_route=\/wp\/v2\/users\/2"}],"replies":[{"embeddable":true,"href":"https:\/\/corporaciondanzarte.com\/index.php?rest_route=%2Fwp%2Fv2%2Fcomments&post=77"}],"version-history":[{"count":5,"href":"https:\/\/corporaciondanzarte.com\/index.php?rest_route=\/wp\/v2\/pages\/77\/revisions"}],"predecessor-version":[{"id":274,"href":"https:\/\/corporaciondanzarte.com\/index.php?rest_route=\/wp\/v2\/pages\/77\/revisions\/274"}],"wp:attachment":[{"href":"https:\/\/corporaciondanzarte.com\/index.php?rest_route=%2Fwp%2Fv2%2Fmedia&parent=77"}],"curies":[{"name":"wp","href":"https:\/\/api.w.org\/{rel}","templated":true}]}}