{"id":79,"date":"2024-09-16T20:50:20","date_gmt":"2024-09-16T20:50:20","guid":{"rendered":"https:\/\/corporaciondanzarte.com\/?page_id=79"},"modified":"2024-09-16T20:50:20","modified_gmt":"2024-09-16T20:50:20","slug":"personal","status":"publish","type":"page","link":"https:\/\/corporaciondanzarte.com\/?page_id=79","title":{"rendered":"Personal"},"content":{"rendered":"\n<section class=\"profiles-section\">\n  <div class=\"team\">\n    <div class=\"member\">\n      <figure class=\"circle-image\">\n        <img decoding=\"async\"\n          src=\"https:\/\/corporaciondanzarte.com\/img\/horacio.jpg\"\n          alt=\"horacio\"\n        \/>\n        <figcaption>David Horacio Bedoya Rua<\/figcaption>\n      <\/figure>\n      <h3>Profesor de G\u00e9nero Urbano<\/h3>\n      <p>\n        Soy estudiante de Licenciatura en Educaci\u00f3n B\u00e1sica en Danza de la\n        Universidad de Antioquia. Mi vida se desarrolla a trav\u00e9s de la docencia\n        y la pr\u00e1ctica de la danza urbana, que a su vez forma parte de mis sue\u00f1os\n        y prop\u00f3sitos de vida personales.\n        <br \/>\n        Quiero que la danza logre un impacto positivo en todos los estudiantes\n        de Danzarte, llene sus vidas de sue\u00f1os y les abra paso a un futuro\n        prometedor y brillante.\n      <\/p>\n    <\/div>\n\n    <div class=\"member\">\n      <figure class=\"circle-image\">\n        <img decoding=\"async\" src=\"https:\/\/corporaciondanzarte.com\/img\/leidy.jpg\" alt=\"leidy\" \/>\n        <figcaption>Leidy Johana Gonz\u00e1lez Rojas<\/figcaption>\n      <\/figure>\n      <h3>Profesora de Tango y Gimnasia<\/h3>\n      <p>\n        Soy estudiante de Licenciatura en Educaci\u00f3n B\u00e1sica en Danza en la\n        Universidad de Antioquia. Soy una mujer apasionada por el movimiento,\n        inmensamente feliz de pertenecer a Danzarte Girardota porque aprendo de\n        todos, tanto como profesora como ser humano. Disfruto bailar, compartir\n        y ser testigo de la pasi\u00f3n que abunda en este lugar.\n        <br \/>\n        Mi prop\u00f3sito es seguir descubriendo caminos donde la danza sea el pilar\n        para crecer art\u00edstica y profesionalmente, y poder entregar con amor y\n        sabidur\u00eda todo lo aprendido.\n      <\/p>\n    <\/div>\n\n    <div class=\"member\">\n      <figure class=\"circle-image\">\n        <img decoding=\"async\"\n          src=\"https:\/\/corporaciondanzarte.com\/img\/samuel.jpg\"\n          alt=\"samuel\"\n        \/>\n        <figcaption>Samuel Meneses Foronda<\/figcaption>\n      <\/figure>\n      <h3>Profesor de G\u00e9nero Urbano<\/h3>\n      <p>\n        Amo bailar. Me gusta compartir diferentes espacios y momentos junto a\n        mis profesores, alumnos, familiares y amigos, y me encanta disfrutar de\n        la naturaleza. A la Corporaci\u00f3n Danzarte quiero aportarle mi\n        conocimiento y experiencia en danza; adem\u00e1s, deseo aportar mis valores\n        como ser humano.\n        <br \/>\n        Mi prop\u00f3sito de vida es ser uno de los mejores bailarines del mundo.\n        Adem\u00e1s de esto, quiero ser un ejemplo a seguir para los dem\u00e1s,\n        demostrando que nada en esta vida es imposible y que todo, con\n        constancia, respeto, humildad y disciplina, se puede lograr.\n      <\/p>\n    <\/div>\n\n    <div class=\"member\">\n      <figure class=\"circle-image\">\n        <img decoding=\"async\"\n          src=\"https:\/\/corporaciondanzarte.com\/img\/vanesa.jpg\"\n          alt=\"vanesa\"\n        \/>\n        <figcaption>Vanesa Parra Carballo<\/figcaption>\n      <\/figure>\n      <h3>Profesora de Salsa y Porro<\/h3>\n      <p>\n        A la Corporaci\u00f3n Danzarte quiero aportarle mi tiempo, mi deseo de seguir\n        aprendiendo y de compartir mis conocimientos. Entregar\u00e9 toda mi\n        disposici\u00f3n para cumplir en equipo todos los prop\u00f3sitos del a\u00f1o 2024.\n        <br \/>\n        Mi prop\u00f3sito de vida es conocerme a profundidad, encontrar un equilibrio\n        mental y f\u00edsico, y superar mis propias expectativas como bailarina.\n      <\/p>\n    <\/div>\n\n    <div class=\"member\">\n      <figure class=\"circle-image\">\n        <img decoding=\"async\"\n          src=\"https:\/\/corporaciondanzarte.com\/img\/claudia.png\"\n          alt=\"claudia\"\n        \/>\n        <figcaption>Claudia Zapata<\/figcaption>\n      <\/figure>\n      <h3>Secretaria<\/h3>\n      <p>\n        Mi compromiso con Danzarte es llevar a cabo todos los tr\u00e1mites\n        administrativos de manera efectiva y agradable. Estoy interesada en\n        profundizar mi conocimiento y aprendizaje en la gesti\u00f3n del arte, ya que\n        considero que es un factor relevante para nuestro crecimiento personal y\n        el de nuestros hijos en la actualidad.\n        <br \/>\n        Expreso un fuerte sentido de orgullo y pertenencia a la familia\n        Danzarte, destacando el progreso y enriquecimiento personal que se\n        experimenta a trav\u00e9s de cada experiencia vivida en el aula y el\n        escenario.\n      <\/p>\n    <\/div>\n\n    <div class=\"member\">\n      <figure class=\"circle-image\">\n        <img decoding=\"async\"\n          src=\"https:\/\/corporaciondanzarte.com\/img\/alvaro2.jpg\"\n          alt=\"Alvaro\"\n        \/>\n        <figcaption>Alvaro Ortega<\/figcaption>\n      <\/figure>\n      <h3>Equipo de apoyo<\/h3>\n      <p>\n        Soy m\u00fasico por pasi\u00f3n y de formaci\u00f3n. Me gusta el buen caf\u00e9, la buena\n        m\u00fasica y las buenas conversaciones; tambi\u00e9n me gusta leer y &#8220;zarandear&#8221;\n        el cuerpo. Adem\u00e1s, me interesa la etnomusicolog\u00eda. Creo que la cultura,\n        como expresi\u00f3n humana \u2014entre ellas, la danza y la m\u00fasica\u2014 refleja de\n        manera clara lo que somos como personas y como sociedad. Tambi\u00e9n creo\n        que estas son un medio potente para comprendernos.\n        <br \/>\n        Mi prop\u00f3sito en la Corporaci\u00f3n Cultural Danzarte es apoyar, desde\n        diferentes frentes, a todo el equipo de trabajo con amor y dedicaci\u00f3n.\n      <\/p>\n    <\/div>\n\n    <div class=\"member\">\n      <figure class=\"circle-image\">\n        <img decoding=\"async\"\n          src=\"https:\/\/corporaciondanzarte.com\/img\/padres.jpg\"\n          alt=\"Padres de familia\"\n        \/>\n        <figcaption>Padres de familia<\/figcaption>\n      <\/figure>\n      <h3>Grupo Log\u00edstico<\/h3>\n      <p>\n        Los padres de familia de la Corporaci\u00f3n Danzarte nos sentimos\n        comprometidos con el desarrollo integral de nuestros hijos, deseando que\n        sientan el arte como parte de su vida y que el cuerpo sea el descanso\n        del alma. Los ni\u00f1os y j\u00f3venes cuentan con el apoyo incondicional de los\n        padres para cumplir todas sus metas y sue\u00f1os, y para proyectarse con la\n        danza y la cultura en diferentes escenarios nacionales e\n        internacionales.\n        <br \/>\n        Nos sentimos orgullosos de pertenecer a la familia Danzarte porque\n        tambi\u00e9n somos parte de su progreso. Cada experiencia vivida nos\n        enriquece y nos llena de orgullo en cada escenario.\n      <\/p>\n    <\/div>\n  <\/div>\n<\/section>\n\n","protected":false},"excerpt":{"rendered":"<p>David Horacio Bedoya Rua Profesor de G\u00e9nero Urbano Soy estudiante de Licenciatura en Educaci\u00f3n B\u00e1sica en Danza de la Universidad de Antioquia. Mi vida se desarrolla a trav\u00e9s de la docencia y la pr\u00e1ctica de la danza urbana, que a su vez forma parte de mis sue\u00f1os y prop\u00f3sitos de vida personales. Quiero que la [&hellip;]<\/p>\n","protected":false},"author":2,"featured_media":0,"parent":0,"menu_order":0,"comment_status":"closed","ping_status":"closed","template":"","meta":{"ngg_post_thumbnail":0,"footnotes":""},"class_list":["post-79","page","type-page","status-publish","hentry"],"yoast_head":"<!-- This site is optimized with the Yoast SEO plugin v27.4 - https:\/\/yoast.com\/product\/yoast-seo-wordpress\/ -->\n<title>Personal - Corporaci\u00f3n Cultural Danzarte<\/title>\n<meta name=\"robots\" content=\"index, follow, max-snippet:-1, max-image-preview:large, max-video-preview:-1\" \/>\n<link rel=\"canonical\" href=\"https:\/\/corporaciondanzarte.com\/?page_id=79\" \/>\n<meta property=\"og:locale\" content=\"en_US\" \/>\n<meta property=\"og:type\" content=\"article\" \/>\n<meta property=\"og:title\" content=\"Personal - Corporaci\u00f3n Cultural Danzarte\" \/>\n<meta property=\"og:description\" content=\"David Horacio Bedoya Rua Profesor de G\u00e9nero Urbano Soy estudiante de Licenciatura en Educaci\u00f3n B\u00e1sica en Danza de la Universidad de Antioquia. Mi vida se desarrolla a trav\u00e9s de la docencia y la pr\u00e1ctica de la danza urbana, que a su vez forma parte de mis sue\u00f1os y prop\u00f3sitos de vida personales. Quiero que la [&hellip;]\" \/>\n<meta property=\"og:url\" content=\"https:\/\/corporaciondanzarte.com\/?page_id=79\" \/>\n<meta property=\"og:site_name\" content=\"Corporaci\u00f3n Cultural Danzarte\" \/>\n<meta property=\"og:image\" content=\"https:\/\/corporaciondanzarte.com\/img\/leidy.jpg\" \/>\n<meta name=\"twitter:card\" content=\"summary_large_image\" \/>\n<meta name=\"twitter:label1\" content=\"Est. reading time\" \/>\n\t<meta name=\"twitter:data1\" content=\"5 minutes\" \/>\n<script type=\"application\/ld+json\" class=\"yoast-schema-graph\">{\"@context\":\"https:\\\/\\\/schema.org\",\"@graph\":[{\"@type\":\"WebPage\",\"@id\":\"https:\\\/\\\/corporaciondanzarte.com\\\/?page_id=79\",\"url\":\"https:\\\/\\\/corporaciondanzarte.com\\\/?page_id=79\",\"name\":\"Personal - Corporaci\u00f3n Cultural Danzarte\",\"isPartOf\":{\"@id\":\"https:\\\/\\\/corporaciondanzarte.com\\\/#website\"},\"primaryImageOfPage\":{\"@id\":\"https:\\\/\\\/corporaciondanzarte.com\\\/?page_id=79#primaryimage\"},\"image\":{\"@id\":\"https:\\\/\\\/corporaciondanzarte.com\\\/?page_id=79#primaryimage\"},\"thumbnailUrl\":\"https:\\\/\\\/corporaciondanzarte.com\\\/img\\\/leidy.jpg\",\"datePublished\":\"2024-09-16T20:50:20+00:00\",\"breadcrumb\":{\"@id\":\"https:\\\/\\\/corporaciondanzarte.com\\\/?page_id=79#breadcrumb\"},\"inLanguage\":\"en-US\",\"potentialAction\":[{\"@type\":\"ReadAction\",\"target\":[\"https:\\\/\\\/corporaciondanzarte.com\\\/?page_id=79\"]}]},{\"@type\":\"ImageObject\",\"inLanguage\":\"en-US\",\"@id\":\"https:\\\/\\\/corporaciondanzarte.com\\\/?page_id=79#primaryimage\",\"url\":\"https:\\\/\\\/corporaciondanzarte.com\\\/img\\\/leidy.jpg\",\"contentUrl\":\"https:\\\/\\\/corporaciondanzarte.com\\\/img\\\/leidy.jpg\"},{\"@type\":\"BreadcrumbList\",\"@id\":\"https:\\\/\\\/corporaciondanzarte.com\\\/?page_id=79#breadcrumb\",\"itemListElement\":[{\"@type\":\"ListItem\",\"position\":1,\"name\":\"Home\",\"item\":\"https:\\\/\\\/corporaciondanzarte.com\\\/\"},{\"@type\":\"ListItem\",\"position\":2,\"name\":\"Personal\"}]},{\"@type\":\"WebSite\",\"@id\":\"https:\\\/\\\/corporaciondanzarte.com\\\/#website\",\"url\":\"https:\\\/\\\/corporaciondanzarte.com\\\/\",\"name\":\"Corporaci\u00f3n Cultural Danzarte\",\"description\":\"\",\"publisher\":{\"@id\":\"https:\\\/\\\/corporaciondanzarte.com\\\/#organization\"},\"potentialAction\":[{\"@type\":\"SearchAction\",\"target\":{\"@type\":\"EntryPoint\",\"urlTemplate\":\"https:\\\/\\\/corporaciondanzarte.com\\\/?s={search_term_string}\"},\"query-input\":{\"@type\":\"PropertyValueSpecification\",\"valueRequired\":true,\"valueName\":\"search_term_string\"}}],\"inLanguage\":\"en-US\"},{\"@type\":\"Organization\",\"@id\":\"https:\\\/\\\/corporaciondanzarte.com\\\/#organization\",\"name\":\"Corporaci\u00f3n Cultural Danzarte\",\"url\":\"https:\\\/\\\/corporaciondanzarte.com\\\/\",\"logo\":{\"@type\":\"ImageObject\",\"inLanguage\":\"en-US\",\"@id\":\"https:\\\/\\\/corporaciondanzarte.com\\\/#\\\/schema\\\/logo\\\/image\\\/\",\"url\":\"https:\\\/\\\/corporaciondanzarte.com\\\/wp-content\\\/uploads\\\/2025\\\/01\\\/cropped-LogoNuevo.jpeg\",\"contentUrl\":\"https:\\\/\\\/corporaciondanzarte.com\\\/wp-content\\\/uploads\\\/2025\\\/01\\\/cropped-LogoNuevo.jpeg\",\"width\":818,\"height\":517,\"caption\":\"Corporaci\u00f3n Cultural Danzarte\"},\"image\":{\"@id\":\"https:\\\/\\\/corporaciondanzarte.com\\\/#\\\/schema\\\/logo\\\/image\\\/\"}}]}<\/script>\n<!-- \/ Yoast SEO plugin. -->","yoast_head_json":{"title":"Personal - Corporaci\u00f3n Cultural Danzarte","robots":{"index":"index","follow":"follow","max-snippet":"max-snippet:-1","max-image-preview":"max-image-preview:large","max-video-preview":"max-video-preview:-1"},"canonical":"https:\/\/corporaciondanzarte.com\/?page_id=79","og_locale":"en_US","og_type":"article","og_title":"Personal - Corporaci\u00f3n Cultural Danzarte","og_description":"David Horacio Bedoya Rua Profesor de G\u00e9nero Urbano Soy estudiante de Licenciatura en Educaci\u00f3n B\u00e1sica en Danza de la Universidad de Antioquia. Mi vida se desarrolla a trav\u00e9s de la docencia y la pr\u00e1ctica de la danza urbana, que a su vez forma parte de mis sue\u00f1os y prop\u00f3sitos de vida personales. Quiero que la [&hellip;]","og_url":"https:\/\/corporaciondanzarte.com\/?page_id=79","og_site_name":"Corporaci\u00f3n Cultural Danzarte","og_image":[{"url":"https:\/\/corporaciondanzarte.com\/img\/leidy.jpg","type":"","width":"","height":""}],"twitter_card":"summary_large_image","twitter_misc":{"Est. reading time":"5 minutes"},"schema":{"@context":"https:\/\/schema.org","@graph":[{"@type":"WebPage","@id":"https:\/\/corporaciondanzarte.com\/?page_id=79","url":"https:\/\/corporaciondanzarte.com\/?page_id=79","name":"Personal - Corporaci\u00f3n Cultural Danzarte","isPartOf":{"@id":"https:\/\/corporaciondanzarte.com\/#website"},"primaryImageOfPage":{"@id":"https:\/\/corporaciondanzarte.com\/?page_id=79#primaryimage"},"image":{"@id":"https:\/\/corporaciondanzarte.com\/?page_id=79#primaryimage"},"thumbnailUrl":"https:\/\/corporaciondanzarte.com\/img\/leidy.jpg","datePublished":"2024-09-16T20:50:20+00:00","breadcrumb":{"@id":"https:\/\/corporaciondanzarte.com\/?page_id=79#breadcrumb"},"inLanguage":"en-US","potentialAction":[{"@type":"ReadAction","target":["https:\/\/corporaciondanzarte.com\/?page_id=79"]}]},{"@type":"ImageObject","inLanguage":"en-US","@id":"https:\/\/corporaciondanzarte.com\/?page_id=79#primaryimage","url":"https:\/\/corporaciondanzarte.com\/img\/leidy.jpg","contentUrl":"https:\/\/corporaciondanzarte.com\/img\/leidy.jpg"},{"@type":"BreadcrumbList","@id":"https:\/\/corporaciondanzarte.com\/?page_id=79#breadcrumb","itemListElement":[{"@type":"ListItem","position":1,"name":"Home","item":"https:\/\/corporaciondanzarte.com\/"},{"@type":"ListItem","position":2,"name":"Personal"}]},{"@type":"WebSite","@id":"https:\/\/corporaciondanzarte.com\/#website","url":"https:\/\/corporaciondanzarte.com\/","name":"Corporaci\u00f3n Cultural Danzarte","description":"","publisher":{"@id":"https:\/\/corporaciondanzarte.com\/#organization"},"potentialAction":[{"@type":"SearchAction","target":{"@type":"EntryPoint","urlTemplate":"https:\/\/corporaciondanzarte.com\/?s={search_term_string}"},"query-input":{"@type":"PropertyValueSpecification","valueRequired":true,"valueName":"search_term_string"}}],"inLanguage":"en-US"},{"@type":"Organization","@id":"https:\/\/corporaciondanzarte.com\/#organization","name":"Corporaci\u00f3n Cultural Danzarte","url":"https:\/\/corporaciondanzarte.com\/","logo":{"@type":"ImageObject","inLanguage":"en-US","@id":"https:\/\/corporaciondanzarte.com\/#\/schema\/logo\/image\/","url":"https:\/\/corporaciondanzarte.com\/wp-content\/uploads\/2025\/01\/cropped-LogoNuevo.jpeg","contentUrl":"https:\/\/corporaciondanzarte.com\/wp-content\/uploads\/2025\/01\/cropped-LogoNuevo.jpeg","width":818,"height":517,"caption":"Corporaci\u00f3n Cultural Danzarte"},"image":{"@id":"https:\/\/corporaciondanzarte.com\/#\/schema\/logo\/image\/"}}]}},"brizy_media":[],"_links":{"self":[{"href":"https:\/\/corporaciondanzarte.com\/index.php?rest_route=\/wp\/v2\/pages\/79","targetHints":{"allow":["GET"]}}],"collection":[{"href":"https:\/\/corporaciondanzarte.com\/index.php?rest_route=\/wp\/v2\/pages"}],"about":[{"href":"https:\/\/corporaciondanzarte.com\/index.php?rest_route=\/wp\/v2\/types\/page"}],"author":[{"embeddable":true,"href":"https:\/\/corporaciondanzarte.com\/index.php?rest_route=\/wp\/v2\/users\/2"}],"replies":[{"embeddable":true,"href":"https:\/\/corporaciondanzarte.com\/index.php?rest_route=%2Fwp%2Fv2%2Fcomments&post=79"}],"version-history":[{"count":1,"href":"https:\/\/corporaciondanzarte.com\/index.php?rest_route=\/wp\/v2\/pages\/79\/revisions"}],"predecessor-version":[{"id":80,"href":"https:\/\/corporaciondanzarte.com\/index.php?rest_route=\/wp\/v2\/pages\/79\/revisions\/80"}],"wp:attachment":[{"href":"https:\/\/corporaciondanzarte.com\/index.php?rest_route=%2Fwp%2Fv2%2Fmedia&parent=79"}],"curies":[{"name":"wp","href":"https:\/\/api.w.org\/{rel}","templated":true}]}}